{"id":210,"date":"2023-12-13T07:16:27","date_gmt":"2023-12-13T07:16:27","guid":{"rendered":"https:\/\/agriturismo-fantetti.com\/?page_id=210"},"modified":"2024-11-18T11:14:47","modified_gmt":"2024-11-18T11:14:47","slug":"grape-harvest","status":"publish","type":"page","link":"https:\/\/agriturismo-fantetti.com\/de\/grape-harvest\/","title":{"rendered":"Weinlese"},"content":{"rendered":"\t\t<div data-elementor-type=\"wp-page\" data-elementor-id=\"210\" class=\"elementor elementor-210\" data-elementor-post-type=\"page\">\n\t\t\t\t\t\t<section class=\"elementor-section elementor-top-section elementor-element elementor-element-378cb8e7 elementor-section-content-top elementor-section-height-min-height elementor-section-items-stretch elementor-section-boxed elementor-section-height-default\" data-id=\"378cb8e7\" data-element_type=\"section\" data-settings=\"{&quot;background_background&quot;:&quot;classic&quot;}\">\n\t\t\t\t\t\t\t<div class=\"elementor-background-overlay\"><\/div>\n\t\t\t\t\t\t\t<div class=\"elementor-container elementor-column-gap-default\">\n\t\t\t\t\t<div class=\"elementor-column elementor-col-100 elementor-top-column elementor-element elementor-element-33ad8aaf\" data-id=\"33ad8aaf\" data-element_type=\"column\">\n\t\t\t<div class=\"elementor-widget-wrap elementor-element-populated\">\n\t\t\t\t\t\t<div class=\"elementor-element elementor-element-419ec4bd elementor-invisible elementor-widget elementor-widget-text-editor\" data-id=\"419ec4bd\" data-element_type=\"widget\" data-settings=\"{&quot;_animation&quot;:&quot;fadeInDown&quot;}\" data-widget_type=\"text-editor.default\">\n\t\t\t\t<div class=\"elementor-widget-container\">\n\t\t\t\t\t\t\t\t\t<p>Saisonale Events<\/p>\t\t\t\t\t\t\t\t<\/div>\n\t\t\t\t<\/div>\n\t\t\t\t<div class=\"elementor-element elementor-element-2f5e5c3c animated-slow elementor-invisible elementor-widget elementor-widget-heading\" data-id=\"2f5e5c3c\" data-element_type=\"widget\" data-settings=\"{&quot;_animation&quot;:&quot;fadeIn&quot;,&quot;_animation_delay&quot;:600}\" data-widget_type=\"heading.default\">\n\t\t\t\t<div class=\"elementor-widget-container\">\n\t\t\t\t\t<h1 class=\"elementor-heading-title elementor-size-default\">Grape Harvest<\/h1>\t\t\t\t<\/div>\n\t\t\t\t<\/div>\n\t\t\t\t<div class=\"elementor-element elementor-element-66a05c04 elementor-widget elementor-widget-spacer\" data-id=\"66a05c04\" data-element_type=\"widget\" data-widget_type=\"spacer.default\">\n\t\t\t\t<div class=\"elementor-widget-container\">\n\t\t\t\t\t\t\t<div class=\"elementor-spacer\">\n\t\t\t<div class=\"elementor-spacer-inner\"><\/div>\n\t\t<\/div>\n\t\t\t\t\t\t<\/div>\n\t\t\t\t<\/div>\n\t\t\t\t\t<\/div>\n\t\t<\/div>\n\t\t\t\t\t<\/div>\n\t\t<\/section>\n\t\t<div class=\"elementor-element elementor-element-05f19c8 e-flex e-con-boxed e-con e-parent\" data-id=\"05f19c8\" data-element_type=\"container\">\n\t\t\t\t\t<div class=\"e-con-inner\">\n\t\t\t\t<div class=\"elementor-element elementor-element-859a7ff elementor-widget elementor-widget-text-editor\" data-id=\"859a7ff\" data-element_type=\"widget\" data-widget_type=\"text-editor.default\">\n\t\t\t\t<div class=\"elementor-widget-container\">\n\t\t\t\t\t\t\t\t\t<p>Erleben Sie die einzigartige Faszination, selbst aktiv zu werden und Teil des Weinherstellungsprozesses zu werden. Die Weinlese l\u00e4dt Sie ein, reife Trauben zu pfl\u00fccken und mit uns den Weg von der Rebe bis zur Flasche zu gestalten. Sp\u00fcren Sie die Verbundenheit mit der Natur und den Reben, w\u00e4hrend Sie aktiv am Sch\u00f6pfungsprozess mitwirken. Ihr eigener Wein ist mehr als nur ein Getr\u00e4nk, es ist eine pers\u00f6nliche Reise voller Stolz und Genuss.<\/p>\t\t\t\t\t\t\t\t<\/div>\n\t\t\t\t<\/div>\n\t\t\t\t\t<\/div>\n\t\t\t\t<\/div>\n\t\t\t\t<\/div>\n\t\t","protected":false},"excerpt":{"rendered":"<p>Saisonale Events Weinlese Erleben Sie die einzigartige Faszination, selbst aktiv zu werden und Teil des Weinherstellungsprozesses zu werden. Die Weinlese l\u00e4dt Sie ein, reife Trauben zu pfl\u00fccken und mit uns den Weg von der Rebe bis zur Flasche zu gestalten. Sp\u00fcren Sie die Verbundenheit mit der Natur und den Reben, w\u00e4hrend Sie aktiv am Sch\u00f6pfungsprozess [&hellip;]<\/p>\n","protected":false},"author":1,"featured_media":0,"parent":0,"menu_order":0,"comment_status":"closed","ping_status":"closed","template":"elementor_header_footer","meta":{"om_disable_all_campaigns":false,"inline_featured_image":false,"_monsterinsights_skip_tracking":false,"_monsterinsights_sitenote_active":false,"_monsterinsights_sitenote_note":"","_monsterinsights_sitenote_category":0,"footnotes":""},"class_list":["post-210","page","type-page","status-publish","hentry"],"_links":{"self":[{"href":"https:\/\/agriturismo-fantetti.com\/de\/wp-json\/wp\/v2\/pages\/210","targetHints":{"allow":["GET"]}}],"collection":[{"href":"https:\/\/agriturismo-fantetti.com\/de\/wp-json\/wp\/v2\/pages"}],"about":[{"href":"https:\/\/agriturismo-fantetti.com\/de\/wp-json\/wp\/v2\/types\/page"}],"author":[{"embeddable":true,"href":"https:\/\/agriturismo-fantetti.com\/de\/wp-json\/wp\/v2\/users\/1"}],"replies":[{"embeddable":true,"href":"https:\/\/agriturismo-fantetti.com\/de\/wp-json\/wp\/v2\/comments?post=210"}],"version-history":[{"count":39,"href":"https:\/\/agriturismo-fantetti.com\/de\/wp-json\/wp\/v2\/pages\/210\/revisions"}],"predecessor-version":[{"id":1744,"href":"https:\/\/agriturismo-fantetti.com\/de\/wp-json\/wp\/v2\/pages\/210\/revisions\/1744"}],"wp:attachment":[{"href":"https:\/\/agriturismo-fantetti.com\/de\/wp-json\/wp\/v2\/media?parent=210"}],"curies":[{"name":"wp","href":"https:\/\/api.w.org\/{rel}","templated":true}]}}