{"id":212,"date":"2024-06-02T14:22:35","date_gmt":"2024-06-02T13:22:35","guid":{"rendered":"https:\/\/agriturismo-fantetti.com\/?page_id=212"},"modified":"2024-11-18T11:15:24","modified_gmt":"2024-11-18T11:15:24","slug":"olive-harvest","status":"publish","type":"page","link":"https:\/\/agriturismo-fantetti.com\/de\/olive-harvest\/","title":{"rendered":"Olivenernte"},"content":{"rendered":"\t\t<div data-elementor-type=\"wp-page\" data-elementor-id=\"212\" class=\"elementor elementor-212\" data-elementor-post-type=\"page\">\n\t\t\t\t\t\t<section class=\"elementor-section elementor-top-section elementor-element elementor-element-2c82ad6d elementor-section-content-top elementor-section-height-min-height elementor-section-items-stretch elementor-section-boxed elementor-section-height-default\" data-id=\"2c82ad6d\" data-element_type=\"section\" data-settings=\"{&quot;background_background&quot;:&quot;classic&quot;}\">\n\t\t\t\t\t\t\t<div class=\"elementor-background-overlay\"><\/div>\n\t\t\t\t\t\t\t<div class=\"elementor-container elementor-column-gap-default\">\n\t\t\t\t\t<div class=\"elementor-column elementor-col-100 elementor-top-column elementor-element elementor-element-17a075fc\" data-id=\"17a075fc\" data-element_type=\"column\">\n\t\t\t<div class=\"elementor-widget-wrap elementor-element-populated\">\n\t\t\t\t\t\t<div class=\"elementor-element elementor-element-571fd897 elementor-invisible elementor-widget elementor-widget-text-editor\" data-id=\"571fd897\" data-element_type=\"widget\" data-settings=\"{&quot;_animation&quot;:&quot;fadeInDown&quot;}\" data-widget_type=\"text-editor.default\">\n\t\t\t\t<div class=\"elementor-widget-container\">\n\t\t\t\t\t\t\t\t\t<p>Saisonale Events<\/p>\t\t\t\t\t\t\t\t<\/div>\n\t\t\t\t<\/div>\n\t\t\t\t<div class=\"elementor-element elementor-element-5ece79b0 animated-slow elementor-invisible elementor-widget elementor-widget-heading\" data-id=\"5ece79b0\" data-element_type=\"widget\" data-settings=\"{&quot;_animation&quot;:&quot;fadeIn&quot;,&quot;_animation_delay&quot;:600}\" data-widget_type=\"heading.default\">\n\t\t\t\t<div class=\"elementor-widget-container\">\n\t\t\t\t\t<h1 class=\"elementor-heading-title elementor-size-default\">Olive Harvest<\/h1>\t\t\t\t<\/div>\n\t\t\t\t<\/div>\n\t\t\t\t<div class=\"elementor-element elementor-element-57b662ac elementor-widget elementor-widget-spacer\" data-id=\"57b662ac\" data-element_type=\"widget\" data-widget_type=\"spacer.default\">\n\t\t\t\t<div class=\"elementor-widget-container\">\n\t\t\t\t\t\t\t<div class=\"elementor-spacer\">\n\t\t\t<div class=\"elementor-spacer-inner\"><\/div>\n\t\t<\/div>\n\t\t\t\t\t\t<\/div>\n\t\t\t\t<\/div>\n\t\t\t\t\t<\/div>\n\t\t<\/div>\n\t\t\t\t\t<\/div>\n\t\t<\/section>\n\t\t<div class=\"elementor-element elementor-element-e57b2ab e-flex e-con-boxed e-con e-parent\" data-id=\"e57b2ab\" data-element_type=\"container\">\n\t\t\t\t\t<div class=\"e-con-inner\">\n\t\t\t\t<div class=\"elementor-element elementor-element-ffc9939 elementor-widget elementor-widget-text-editor\" data-id=\"ffc9939\" data-element_type=\"widget\" data-widget_type=\"text-editor.default\">\n\t\t\t\t<div class=\"elementor-widget-container\">\n\t\t\t\t\t\t\t\t\t<p>Erleben Sie die Faszination der Olivenernte! Tauchen Sie ein in sonnenverw\u00f6hnte Olivenhaine und werden Sie Teil unserer Erntefamilie. Gemeinsam pfl\u00fccken wir sorgf\u00e4ltig die besten Oliven, um hochwertiges Oliven\u00f6l herzustellen. Schaffen Sie unvergessliche Erinnerungen inmitten der Natur und genie\u00dfen Sie den authentischen Geschmack der handgeernteten Oliven. Diese k\u00f6nnen Sie dann g\u00fcnstig in unserem Shop kaufen und eine Flasche voller Erinnerungen mit nach Hause nehmen.<\/p>\t\t\t\t\t\t\t\t<\/div>\n\t\t\t\t<\/div>\n\t\t\t\t\t<\/div>\n\t\t\t\t<\/div>\n\t\t\t\t<\/div>\n\t\t","protected":false},"excerpt":{"rendered":"<p>Saisonale Events Olivenernte Erleben Sie die Faszination der Olivenernte! Tauchen Sie ein in sonnenverw\u00f6hnte Olivenhaine und werden Sie Teil unserer Erntefamilie. Gemeinsam pfl\u00fccken wir sorgf\u00e4ltig die besten Oliven, um hochwertiges Oliven\u00f6l herzustellen. Schaffen Sie unvergessliche Erinnerungen inmitten der Natur und genie\u00dfen Sie den authentischen Geschmack der handgeernteten Oliven. Diese k\u00f6nnen Sie dann g\u00fcnstig in unserem [&hellip;]<\/p>\n","protected":false},"author":1,"featured_media":0,"parent":0,"menu_order":0,"comment_status":"closed","ping_status":"closed","template":"elementor_header_footer","meta":{"om_disable_all_campaigns":false,"inline_featured_image":false,"_monsterinsights_skip_tracking":false,"_monsterinsights_sitenote_active":false,"_monsterinsights_sitenote_note":"","_monsterinsights_sitenote_category":0,"footnotes":""},"class_list":["post-212","page","type-page","status-publish","hentry"],"_links":{"self":[{"href":"https:\/\/agriturismo-fantetti.com\/de\/wp-json\/wp\/v2\/pages\/212","targetHints":{"allow":["GET"]}}],"collection":[{"href":"https:\/\/agriturismo-fantetti.com\/de\/wp-json\/wp\/v2\/pages"}],"about":[{"href":"https:\/\/agriturismo-fantetti.com\/de\/wp-json\/wp\/v2\/types\/page"}],"author":[{"embeddable":true,"href":"https:\/\/agriturismo-fantetti.com\/de\/wp-json\/wp\/v2\/users\/1"}],"replies":[{"embeddable":true,"href":"https:\/\/agriturismo-fantetti.com\/de\/wp-json\/wp\/v2\/comments?post=212"}],"version-history":[{"count":34,"href":"https:\/\/agriturismo-fantetti.com\/de\/wp-json\/wp\/v2\/pages\/212\/revisions"}],"predecessor-version":[{"id":1747,"href":"https:\/\/agriturismo-fantetti.com\/de\/wp-json\/wp\/v2\/pages\/212\/revisions\/1747"}],"wp:attachment":[{"href":"https:\/\/agriturismo-fantetti.com\/de\/wp-json\/wp\/v2\/media?parent=212"}],"curies":[{"name":"wp","href":"https:\/\/api.w.org\/{rel}","templated":true}]}}