{"id":240,"date":"2023-12-13T07:46:29","date_gmt":"2023-12-13T07:46:29","guid":{"rendered":"https:\/\/agriturismo-fantetti.com\/?page_id=240"},"modified":"2024-11-18T11:20:08","modified_gmt":"2024-11-18T11:20:08","slug":"data-protection","status":"publish","type":"page","link":"https:\/\/agriturismo-fantetti.com\/de\/data-protection\/","title":{"rendered":"Datenschutz"},"content":{"rendered":"\t\t<div data-elementor-type=\"wp-page\" data-elementor-id=\"240\" class=\"elementor elementor-240\" data-elementor-post-type=\"page\">\n\t\t\t\t\t\t<section class=\"elementor-section elementor-top-section elementor-element elementor-element-5443a0f7 elementor-section-content-top elementor-section-height-min-height elementor-section-items-stretch elementor-section-boxed elementor-section-height-default\" data-id=\"5443a0f7\" data-element_type=\"section\" data-settings=\"{&quot;background_background&quot;:&quot;classic&quot;}\">\n\t\t\t\t\t\t\t<div class=\"elementor-background-overlay\"><\/div>\n\t\t\t\t\t\t\t<div class=\"elementor-container elementor-column-gap-default\">\n\t\t\t\t\t<div class=\"elementor-column elementor-col-100 elementor-top-column elementor-element elementor-element-282cde1b\" data-id=\"282cde1b\" data-element_type=\"column\">\n\t\t\t<div class=\"elementor-widget-wrap elementor-element-populated\">\n\t\t\t\t\t\t<div class=\"elementor-element elementor-element-7b244adf elementor-invisible elementor-widget elementor-widget-text-editor\" data-id=\"7b244adf\" data-element_type=\"widget\" data-settings=\"{&quot;_animation&quot;:&quot;fadeInDown&quot;}\" data-widget_type=\"text-editor.default\">\n\t\t\t\t<div class=\"elementor-widget-container\">\n\t\t\t\t\t\t\t\t\t<p>Agriturismo Fantetti<\/p>\t\t\t\t\t\t\t\t<\/div>\n\t\t\t\t<\/div>\n\t\t\t\t<div class=\"elementor-element elementor-element-2d373df3 animated-slow elementor-invisible elementor-widget elementor-widget-heading\" data-id=\"2d373df3\" data-element_type=\"widget\" data-settings=\"{&quot;_animation&quot;:&quot;fadeIn&quot;,&quot;_animation_delay&quot;:600}\" data-widget_type=\"heading.default\">\n\t\t\t\t<div class=\"elementor-widget-container\">\n\t\t\t\t\t<h1 class=\"elementor-heading-title elementor-size-default\">Data Protection<\/h1>\t\t\t\t<\/div>\n\t\t\t\t<\/div>\n\t\t\t\t<div class=\"elementor-element elementor-element-36675f44 elementor-widget elementor-widget-spacer\" data-id=\"36675f44\" data-element_type=\"widget\" data-widget_type=\"spacer.default\">\n\t\t\t\t<div class=\"elementor-widget-container\">\n\t\t\t\t\t\t\t<div class=\"elementor-spacer\">\n\t\t\t<div class=\"elementor-spacer-inner\"><\/div>\n\t\t<\/div>\n\t\t\t\t\t\t<\/div>\n\t\t\t\t<\/div>\n\t\t\t\t\t<\/div>\n\t\t<\/div>\n\t\t\t\t\t<\/div>\n\t\t<\/section>\n\t\t<div class=\"elementor-element elementor-element-43c08f7b e-flex e-con-boxed e-con e-parent\" data-id=\"43c08f7b\" data-element_type=\"container\">\n\t\t\t\t\t<div class=\"e-con-inner\">\n\t\t\t\t<div class=\"elementor-element elementor-element-7afd6a06 elementor-widget elementor-widget-text-editor\" data-id=\"7afd6a06\" data-element_type=\"widget\" data-widget_type=\"text-editor.default\">\n\t\t\t\t<div class=\"elementor-widget-container\">\n\t\t\t\t\t\t\t\t\t<h2>Einleitung<\/h2><p>Willkommen auf der Webseite von Agriturismo-Fantetti. Der Schutz Ihrer pers\u00f6nlichen Daten ist uns ein wichtiges Anliegen. Diese Datenschutzerkl\u00e4rung informiert Sie dar\u00fcber, wie wir, Agriturismo-Fantetti, als Betreiber dieser Website, Ihre personenbezogenen Daten verarbeiten und wie Sie Ihre Rechte als Betroffener aus\u00fcben k\u00f6nnen.<\/p><h2>Verantwortlicher<\/h2><p>Agriturismo-Fantetti<br \/>Proxfon Media<\/p><h2>Erhebung und Verarbeitung pers\u00f6nlicher Daten<\/h2><p>Wir erheben personenbezogene Daten nur, wenn Sie diese von sich aus, zum Beispiel zur Durchf\u00fchrung einer Buchung, Anfrage oder bei der Registrierung f\u00fcr unseren Newsletter, angeben. Die von uns erhobenen Daten umfassen typischerweise Ihren Namen, Ihre E-Mail-Adresse, Telefonnummer sowie alle Informationen, die relevant sind f\u00fcr die Buchung oder Anfrage.<\/p><h2>Nutzung und Weitergabe pers\u00f6nlicher Daten<\/h2><p>Ihre personenbezogenen Daten werden nur f\u00fcr die Zwecke verwendet, f\u00fcr die sie erhoben wurden, wie die Bearbeitung von Buchungen und Anfragen oder das Versenden von Newslettern, sofern Sie dem zugestimmt haben. Eine Weitergabe Ihrer Daten an Dritte erfolgt nur, wenn dies zur Vertragserf\u00fcllung notwendig ist, oder sofern eine gesetzliche Verpflichtung besteht.<\/p><h2>Cookies und Analysetools<\/h2><p>Unsere Webseite verwendet Cookies und ggf. Webanalyse-Tools wie Google Analytics. Diese dienen dazu, unsere Webseite benutzerfreundlicher, effektiver und sicherer zu machen. Sie k\u00f6nnen Ihren Browser so einstellen, dass Sie \u00fcber das Setzen von Cookies informiert werden und Cookies nur im Einzelfall erlauben, die Annahme von Cookies f\u00fcr bestimmte F\u00e4lle oder generell ausschlie\u00dfen sowie das automatische L\u00f6schen der Cookies beim Schlie\u00dfen des Browser aktivieren.<\/p><h2>Ihre Rechte<\/h2><p>Sie haben das Recht, Auskunft \u00fcber die Verarbeitung Ihrer personenbezogenen Daten zu erhalten, sowie das Recht auf Berichtigung, L\u00f6schung, Einschr\u00e4nkung der Verarbeitung, ein Widerspruchsrecht gegen die Verarbeitung sowie das Recht auf Daten\u00fcbertragbarkeit. Wenn Sie glauben, dass die Verarbeitung Ihrer Daten gegen das Datenschutzrecht verst\u00f6\u00dft oder Ihre datenschutzrechtlichen Anspr\u00fcche sonst in einer Weise verletzt worden sind, k\u00f6nnen Sie sich bei der Aufsichtsbeh\u00f6rde beschweren.<\/p><h2>\u00c4nderungen dieser Datenschutzerkl\u00e4rung<\/h2><p>Wir behalten uns vor, diese Datenschutzerkl\u00e4rung anzupassen, damit sie stets den aktuellen rechtlichen Anforderungen entspricht oder um \u00c4nderungen unserer Dienste in der Datenschutzerkl\u00e4rung umzusetzen. F\u00fcr Ihren erneuten Besuch gilt dann die neue Datenschutzerkl\u00e4rung.<\/p><h2>Kontakt<\/h2><p>Wenn Sie Fragen zum Datenschutz haben, schreiben Sie uns bitte eine E-Mail oder kontaktieren Sie direkt die bei uns benannte Datenschutzbeauftragte Person.<\/p>\t\t\t\t\t\t\t\t<\/div>\n\t\t\t\t<\/div>\n\t\t\t\t\t<\/div>\n\t\t\t\t<\/div>\n\t\t\t\t<\/div>\n\t\t","protected":false},"excerpt":{"rendered":"<p>Agriturismo Fantetti Data Protection Einleitung Willkommen auf der Webseite von Agriturismo-Fantetti. Der Schutz Ihrer pers\u00f6nlichen Daten ist uns ein wichtiges Anliegen. Diese Datenschutzerkl\u00e4rung informiert Sie dar\u00fcber, wie wir, Agriturismo-Fantetti, als Betreiber dieser Website, Ihre personenbezogenen Daten verarbeiten und wie Sie Ihre Rechte als Betroffener aus\u00fcben k\u00f6nnen. Verantwortlicher Agriturismo-FantettiProxfon Media Erhebung und Verarbeitung pers\u00f6nlicher Daten Wir [&hellip;]<\/p>\n","protected":false},"author":1,"featured_media":0,"parent":0,"menu_order":0,"comment_status":"closed","ping_status":"closed","template":"elementor_header_footer","meta":{"om_disable_all_campaigns":false,"inline_featured_image":false,"_monsterinsights_skip_tracking":false,"_monsterinsights_sitenote_active":false,"_monsterinsights_sitenote_note":"","_monsterinsights_sitenote_category":0,"footnotes":""},"class_list":["post-240","page","type-page","status-publish","hentry"],"_links":{"self":[{"href":"https:\/\/agriturismo-fantetti.com\/de\/wp-json\/wp\/v2\/pages\/240","targetHints":{"allow":["GET"]}}],"collection":[{"href":"https:\/\/agriturismo-fantetti.com\/de\/wp-json\/wp\/v2\/pages"}],"about":[{"href":"https:\/\/agriturismo-fantetti.com\/de\/wp-json\/wp\/v2\/types\/page"}],"author":[{"embeddable":true,"href":"https:\/\/agriturismo-fantetti.com\/de\/wp-json\/wp\/v2\/users\/1"}],"replies":[{"embeddable":true,"href":"https:\/\/agriturismo-fantetti.com\/de\/wp-json\/wp\/v2\/comments?post=240"}],"version-history":[{"count":19,"href":"https:\/\/agriturismo-fantetti.com\/de\/wp-json\/wp\/v2\/pages\/240\/revisions"}],"predecessor-version":[{"id":1762,"href":"https:\/\/agriturismo-fantetti.com\/de\/wp-json\/wp\/v2\/pages\/240\/revisions\/1762"}],"wp:attachment":[{"href":"https:\/\/agriturismo-fantetti.com\/de\/wp-json\/wp\/v2\/media?parent=240"}],"curies":[{"name":"wp","href":"https:\/\/api.w.org\/{rel}","templated":true}]}}