{"id":695,"date":"2023-12-16T22:04:54","date_gmt":"2023-12-16T22:04:54","guid":{"rendered":"https:\/\/agriturismo-fantetti.com\/?page_id=695"},"modified":"2024-11-18T11:09:05","modified_gmt":"2024-11-18T11:09:05","slug":"about-us","status":"publish","type":"page","link":"https:\/\/agriturismo-fantetti.com\/de\/about-us-de\/","title":{"rendered":"\u00dcber uns"},"content":{"rendered":"\t\t<div data-elementor-type=\"wp-page\" data-elementor-id=\"695\" class=\"elementor elementor-695\" data-elementor-post-type=\"page\">\n\t\t\t\t\t\t<section class=\"elementor-section elementor-top-section elementor-element elementor-element-7c739a55 elementor-section-content-middle elementor-section-height-min-height elementor-section-boxed elementor-section-height-default elementor-section-items-middle\" data-id=\"7c739a55\" data-element_type=\"section\" data-settings=\"{&quot;background_background&quot;:&quot;classic&quot;}\">\n\t\t\t\t\t\t\t<div class=\"elementor-background-overlay\"><\/div>\n\t\t\t\t\t\t\t<div class=\"elementor-container elementor-column-gap-wider\">\n\t\t\t\t\t<div class=\"elementor-column elementor-col-100 elementor-top-column elementor-element elementor-element-745be610\" data-id=\"745be610\" data-element_type=\"column\">\n\t\t\t<div class=\"elementor-widget-wrap elementor-element-populated\">\n\t\t\t\t\t<div class=\"elementor-background-overlay\"><\/div>\n\t\t\t\t\t\t<section class=\"elementor-section elementor-inner-section elementor-element elementor-element-5671b85f elementor-section-boxed elementor-section-height-default elementor-section-height-default\" data-id=\"5671b85f\" data-element_type=\"section\">\n\t\t\t\t\t\t<div class=\"elementor-container elementor-column-gap-default\">\n\t\t\t\t\t<div class=\"elementor-column elementor-col-100 elementor-inner-column elementor-element elementor-element-65d0c800\" data-id=\"65d0c800\" data-element_type=\"column\">\n\t\t\t<div class=\"elementor-widget-wrap elementor-element-populated\">\n\t\t\t\t\t\t<div class=\"elementor-element elementor-element-eadadb5 elementor-widget elementor-widget-heading\" data-id=\"eadadb5\" data-element_type=\"widget\" data-widget_type=\"heading.default\">\n\t\t\t\t<div class=\"elementor-widget-container\">\n\t\t\t\t\t<h5 class=\"elementor-heading-title elementor-size-default\">Fantetti Brothers<\/h5>\t\t\t\t<\/div>\n\t\t\t\t<\/div>\n\t\t\t\t<div class=\"elementor-element elementor-element-1f34aff0 elementor-widget elementor-widget-heading\" data-id=\"1f34aff0\" data-element_type=\"widget\" data-widget_type=\"heading.default\">\n\t\t\t\t<div class=\"elementor-widget-container\">\n\t\t\t\t\t<h1 class=\"elementor-heading-title elementor-size-default\">About us<\/h1>\t\t\t\t<\/div>\n\t\t\t\t<\/div>\n\t\t\t\t\t<\/div>\n\t\t<\/div>\n\t\t\t\t\t<\/div>\n\t\t<\/section>\n\t\t\t\t\t<\/div>\n\t\t<\/div>\n\t\t\t\t\t<\/div>\n\t\t<\/section>\n\t\t<div class=\"elementor-element elementor-element-c7f008e e-flex e-con-boxed e-con e-parent\" data-id=\"c7f008e\" data-element_type=\"container\">\n\t\t\t\t\t<div class=\"e-con-inner\">\n\t\t\t\t<div class=\"elementor-element elementor-element-ad5bc08 elementor-widget elementor-widget-text-editor\" data-id=\"ad5bc08\" data-element_type=\"widget\" data-widget_type=\"text-editor.default\">\n\t\t\t\t<div class=\"elementor-widget-container\">\n\t\t\t\t\t\t\t\t\t<p style=\"text-align: center\"><span class=\"--l --r sentence_highlight\">Willkommen in unserer bezaubernden Welt! <\/span><span class=\"--l --r sentence_highlight\">Wir sind die Gebr\u00fcder Fantetti, Giuseppe und Francesco, vereint durch eine tiefe Leidenschaft f\u00fcr die italienische Kultur und ihre warmherzigen Menschen. <\/span><span class=\"--l --r sentence_highlight\">Unsere Reise f\u00fchrte uns zum Erwerb einer atemberaubenden Villa, die das reiche Erbe und die Sch\u00f6nheit Italiens verk\u00f6rpert. <\/span><span class=\"--l --r sentence_highlight\"><span class=\"--l --r hover:bg-[#B4DAE8] hover:dark:bg-blue-next-600\">Mit<\/span> <span class=\"--l --r hover:bg-[#B4DAE8] hover:dark:bg-blue-next-600\">offenen<\/span> <span class=\"--l --r hover:bg-[#B4DAE8] hover:dark:bg-blue-next-600\">Armen<\/span> <span class=\"--l --r hover:bg-[#B4DAE8] hover:dark:bg-blue-next-600\">laden<\/span> <span class=\"--l --r hover:bg-[#B4DAE8] hover:dark:bg-blue-next-600\">wir<\/span> <span class=\"--l --r hover:bg-[#B4DAE8] hover:dark:bg-blue-next-600\">Sie<\/span> <span class=\"--l --r hover:bg-[#B4DAE8] hover:dark:bg-blue-next-600\">zu<\/span> <span class=\"--l --r hover:bg-[#B4DAE8] hover:dark:bg-blue-next-600\">einem<\/span> <span class=\"--l --r hover:bg-[#B4DAE8] hover:dark:bg-blue-next-600\">unvergesslichen<\/span> <span class=\"--l --r hover:bg-[#B4DAE8] hover:dark:bg-blue-next-600\">Erlebnis<\/span> <span class=\"--l --r hover:bg-[#B4DAE8] hover:dark:bg-blue-next-600\">in<\/span> <span class=\"--l --r hover:bg-[#B4DAE8] hover:dark:bg-blue-next-600\">unserer<\/span> <span class=\"--l --r hover:bg-[#B4DAE8] hover:dark:bg-blue-next-600\">Villa<\/span> <span class=\"--l --r hover:bg-[#B4DAE8] hover:dark:bg-blue-next-600\">ein<\/span><span class=\"--l --r hover:bg-[#B4DAE8] hover:dark:bg-blue-next-600\">,<\/span> <span class=\"--l --r hover:bg-[#B4DAE8] hover:dark:bg-blue-next-600\">wo<\/span> <span class=\"--l --r hover:bg-[#B4DAE8] hover:dark:bg-blue-next-600\">Sie<\/span> <span class=\"--l --r hover:bg-[#B4DAE8] hover:dark:bg-blue-next-600\">in<\/span> <span class=\"--l --r hover:bg-[#B4DAE8] hover:dark:bg-blue-next-600\">die<\/span> <span class=\"--l --r hover:bg-[#B4DAE8] hover:dark:bg-blue-next-600\">Pracht<\/span> <span class=\"--l --r hover:bg-[#B4DAE8] hover:dark:bg-blue-next-600\">der<\/span> <span class=\"--l --r hover:bg-[#B4DAE8] hover:dark:bg-blue-next-600\">italienischen<\/span> <span class=\"--l --r hover:bg-[#B4DAE8] hover:dark:bg-blue-next-600\">Kultur<\/span> <span class=\"--l --r hover:bg-[#B4DAE8] hover:dark:bg-blue-next-600\">eintauchen<\/span> <span class=\"--l --r hover:bg-[#B4DAE8] hover:dark:bg-blue-next-600\">und<\/span> <span class=\"--l --r hover:bg-[#B4DAE8] hover:dark:bg-blue-next-600\">einige<\/span> <span class=\"--l --r hover:bg-[#B4DAE8] hover:dark:bg-blue-next-600\">der<\/span> <span class=\"--l --r hover:bg-[#B4DAE8] hover:dark:bg-blue-next-600\">besten<\/span> <span class=\"--l --r hover:bg-[#B4DAE8] hover:dark:bg-blue-next-600\">Weine<\/span> <span class=\"--l --r hover:bg-[#B4DAE8] hover:dark:bg-blue-next-600\">genie\u00dfen<\/span> <span class=\"--l --r hover:bg-[#B4DAE8] hover:dark:bg-blue-next-600\">k\u00f6nnen<\/span><span class=\"--l --r hover:bg-[#B4DAE8] hover:dark:bg-blue-next-600\">.<\/span> <\/span><span class=\"--l --r sentence_highlight\">Kommen Sie zu uns f\u00fcr einen Aufenthalt, der nicht nur Entspannung verspricht, sondern auch eine tiefe Verbindung mit dem Herzen und der Seele Italiens.<\/span><\/p>\t\t\t\t\t\t\t\t<\/div>\n\t\t\t\t<\/div>\n\t\t\t\t\t<\/div>\n\t\t\t\t<\/div>\n\t\t\t\t<\/div>\n\t\t","protected":false},"excerpt":{"rendered":"<p>Fantetti Brothers \u00dcber uns Willkommen in unserer bezaubernden Welt! Wir sind die Geschwister Fantetti , Francesco und Giuseppe, vereint durch eine tiefe Leidenschaft f\u00fcr die italienische Kultur und ihrer herzlichen Menschen. Unsere Reise f\u00fchrte uns zum Erwerb einer atemberaubenden Villa, die das reiche Erbe und die Sch\u00f6nheit Italiens verk\u00f6rpert. Mit offenen Armen laden wir Sie [&hellip;]<\/p>\n","protected":false},"author":1,"featured_media":0,"parent":0,"menu_order":0,"comment_status":"closed","ping_status":"closed","template":"elementor_header_footer","meta":{"om_disable_all_campaigns":false,"inline_featured_image":false,"_monsterinsights_skip_tracking":false,"_monsterinsights_sitenote_active":false,"_monsterinsights_sitenote_note":"","_monsterinsights_sitenote_category":0,"footnotes":""},"class_list":["post-695","page","type-page","status-publish","hentry"],"_links":{"self":[{"href":"https:\/\/agriturismo-fantetti.com\/de\/wp-json\/wp\/v2\/pages\/695","targetHints":{"allow":["GET"]}}],"collection":[{"href":"https:\/\/agriturismo-fantetti.com\/de\/wp-json\/wp\/v2\/pages"}],"about":[{"href":"https:\/\/agriturismo-fantetti.com\/de\/wp-json\/wp\/v2\/types\/page"}],"author":[{"embeddable":true,"href":"https:\/\/agriturismo-fantetti.com\/de\/wp-json\/wp\/v2\/users\/1"}],"replies":[{"embeddable":true,"href":"https:\/\/agriturismo-fantetti.com\/de\/wp-json\/wp\/v2\/comments?post=695"}],"version-history":[{"count":51,"href":"https:\/\/agriturismo-fantetti.com\/de\/wp-json\/wp\/v2\/pages\/695\/revisions"}],"predecessor-version":[{"id":1732,"href":"https:\/\/agriturismo-fantetti.com\/de\/wp-json\/wp\/v2\/pages\/695\/revisions\/1732"}],"wp:attachment":[{"href":"https:\/\/agriturismo-fantetti.com\/de\/wp-json\/wp\/v2\/media?parent=695"}],"curies":[{"name":"wp","href":"https:\/\/api.w.org\/{rel}","templated":true}]}}