{"id":952,"date":"2024-04-14T16:58:15","date_gmt":"2024-04-14T15:58:15","guid":{"rendered":"https:\/\/agriturismo-fantetti.com\/?page_id=952"},"modified":"2024-11-18T11:16:05","modified_gmt":"2024-11-18T11:16:05","slug":"riding","status":"publish","type":"page","link":"https:\/\/agriturismo-fantetti.com\/de\/riding\/","title":{"rendered":"Reiten"},"content":{"rendered":"\t\t<div data-elementor-type=\"wp-page\" data-elementor-id=\"952\" class=\"elementor elementor-952\" data-elementor-post-type=\"page\">\n\t\t\t\t\t\t<section class=\"elementor-section elementor-top-section elementor-element elementor-element-78f22c67 elementor-section-content-top elementor-section-height-min-height elementor-section-items-stretch elementor-section-boxed elementor-section-height-default\" data-id=\"78f22c67\" data-element_type=\"section\" data-settings=\"{&quot;background_background&quot;:&quot;classic&quot;}\">\n\t\t\t\t\t\t\t<div class=\"elementor-background-overlay\"><\/div>\n\t\t\t\t\t\t\t<div class=\"elementor-container elementor-column-gap-default\">\n\t\t\t\t\t<div class=\"elementor-column elementor-col-100 elementor-top-column elementor-element elementor-element-71c04976\" data-id=\"71c04976\" data-element_type=\"column\">\n\t\t\t<div class=\"elementor-widget-wrap elementor-element-populated\">\n\t\t\t\t\t\t<div class=\"elementor-element elementor-element-10cce5f6 elementor-invisible elementor-widget elementor-widget-text-editor\" data-id=\"10cce5f6\" data-element_type=\"widget\" data-settings=\"{&quot;_animation&quot;:&quot;fadeInDown&quot;}\" data-widget_type=\"text-editor.default\">\n\t\t\t\t<div class=\"elementor-widget-container\">\n\t\t\t\t\t\t\t\t\t<p>Ganzj\u00e4hrige Events<\/p><p>\u00a0<\/p>\t\t\t\t\t\t\t\t<\/div>\n\t\t\t\t<\/div>\n\t\t\t\t<div class=\"elementor-element elementor-element-4d2440a5 animated-slow elementor-invisible elementor-widget elementor-widget-heading\" data-id=\"4d2440a5\" data-element_type=\"widget\" data-settings=\"{&quot;_animation&quot;:&quot;fadeIn&quot;,&quot;_animation_delay&quot;:600}\" data-widget_type=\"heading.default\">\n\t\t\t\t<div class=\"elementor-widget-container\">\n\t\t\t\t\t<h1 class=\"elementor-heading-title elementor-size-default\">Reiten<\/h1>\t\t\t\t<\/div>\n\t\t\t\t<\/div>\n\t\t\t\t<div class=\"elementor-element elementor-element-2c7d257e elementor-widget elementor-widget-spacer\" data-id=\"2c7d257e\" data-element_type=\"widget\" data-widget_type=\"spacer.default\">\n\t\t\t\t<div class=\"elementor-widget-container\">\n\t\t\t\t\t\t\t<div class=\"elementor-spacer\">\n\t\t\t<div class=\"elementor-spacer-inner\"><\/div>\n\t\t<\/div>\n\t\t\t\t\t\t<\/div>\n\t\t\t\t<\/div>\n\t\t\t\t\t<\/div>\n\t\t<\/div>\n\t\t\t\t\t<\/div>\n\t\t<\/section>\n\t\t\t\t<section class=\"elementor-section elementor-top-section elementor-element elementor-element-69d082c5 elementor-section-stretched elementor-section-boxed elementor-section-height-default elementor-section-height-default\" data-id=\"69d082c5\" data-element_type=\"section\" data-settings=\"{&quot;stretch_section&quot;:&quot;section-stretched&quot;}\">\n\t\t\t\t\t\t\t<div class=\"elementor-background-overlay\"><\/div>\n\t\t\t\t\t\t\t<div class=\"elementor-container elementor-column-gap-default\">\n\t\t\t\t\t<div class=\"elementor-column elementor-col-100 elementor-top-column elementor-element elementor-element-37596ee0\" data-id=\"37596ee0\" data-element_type=\"column\">\n\t\t\t<div class=\"elementor-widget-wrap elementor-element-populated\">\n\t\t\t\t\t\t<section class=\"elementor-section elementor-inner-section elementor-element elementor-element-6fa90348 elementor-section-boxed elementor-section-height-default elementor-section-height-default\" data-id=\"6fa90348\" data-element_type=\"section\">\n\t\t\t\t\t\t<div class=\"elementor-container elementor-column-gap-default\">\n\t\t\t\t\t<div class=\"elementor-column elementor-col-100 elementor-inner-column elementor-element elementor-element-8facc8a\" data-id=\"8facc8a\" data-element_type=\"column\">\n\t\t\t<div class=\"elementor-widget-wrap elementor-element-populated\">\n\t\t\t\t\t\t<div class=\"elementor-element elementor-element-268213bf elementor-widget elementor-widget-heading\" data-id=\"268213bf\" data-element_type=\"widget\" data-widget_type=\"heading.default\">\n\t\t\t\t<div class=\"elementor-widget-container\">\n\t\t\t\t\t<h2 class=\"elementor-heading-title elementor-size-default\">Erlebnisse<\/h2>\t\t\t\t<\/div>\n\t\t\t\t<\/div>\n\t\t\t\t\t<\/div>\n\t\t<\/div>\n\t\t\t\t\t<\/div>\n\t\t<\/section>\n\t\t\t\t<div class=\"elementor-element elementor-element-a2754cc elementor-widget elementor-widget-text-editor\" data-id=\"a2754cc\" data-element_type=\"widget\" data-widget_type=\"text-editor.default\">\n\t\t\t\t<div class=\"elementor-widget-container\">\n\t\t\t\t\t\t\t\t\t<p>Unser Angebot f\u00fcr Reitbegeisterte f\u00fchrt Sie durch die malerische Berglandschaft und bietet auch au\u00dferhalb der Hauptsaison (Juli-Oktober) Strandausritte. Genie\u00dfen Sie das einzigartige Erlebnis, die Natur auf dem R\u00fccken unserer Pferde das ganze Jahr \u00fcber zu erkunden. Die entspannenden Ausritte durch die Berge und am Strand bieten Ihnen die perfekte Gelegenheit, dem Alltag zu entfliehen und ein St\u00fcck Freiheit mit nach Hause zu nehmen.<\/p>\t\t\t\t\t\t\t\t<\/div>\n\t\t\t\t<\/div>\n\t\t\t\t<div class=\"elementor-element elementor-element-28f1cd34 elementor-widget elementor-widget-spacer\" data-id=\"28f1cd34\" data-element_type=\"widget\" data-widget_type=\"spacer.default\">\n\t\t\t\t<div class=\"elementor-widget-container\">\n\t\t\t\t\t\t\t<div class=\"elementor-spacer\">\n\t\t\t<div class=\"elementor-spacer-inner\"><\/div>\n\t\t<\/div>\n\t\t\t\t\t\t<\/div>\n\t\t\t\t<\/div>\n\t\t\t\t<div class=\"elementor-element elementor-element-0088f18 elementor-widget elementor-widget-gallery\" data-id=\"0088f18\" data-element_type=\"widget\" data-settings=\"{&quot;columns&quot;:3,&quot;lazyload&quot;:&quot;yes&quot;,&quot;gallery_layout&quot;:&quot;grid&quot;,&quot;columns_tablet&quot;:2,&quot;columns_mobile&quot;:1,&quot;gap&quot;:{&quot;unit&quot;:&quot;px&quot;,&quot;size&quot;:10,&quot;sizes&quot;:[]},&quot;gap_tablet&quot;:{&quot;unit&quot;:&quot;px&quot;,&quot;size&quot;:10,&quot;sizes&quot;:[]},&quot;gap_mobile&quot;:{&quot;unit&quot;:&quot;px&quot;,&quot;size&quot;:10,&quot;sizes&quot;:[]},&quot;link_to&quot;:&quot;file&quot;,&quot;aspect_ratio&quot;:&quot;3:2&quot;,&quot;overlay_background&quot;:&quot;yes&quot;,&quot;content_hover_animation&quot;:&quot;fade-in&quot;}\" data-widget_type=\"gallery.default\">\n\t\t\t\t<div class=\"elementor-widget-container\">\n\t\t\t\t\t\t\t<div class=\"elementor-gallery__container\">\n\t\t\t\t\t\t\t<a class=\"e-gallery-item elementor-gallery-item elementor-animated-content\" href=\"https:\/\/agriturismo-fantetti.com\/wp-content\/uploads\/2024\/04\/PHOTO-2024-04-13-08-44-27.jpg\" data-elementor-open-lightbox=\"yes\" data-elementor-lightbox-slideshow=\"0088f18\" data-elementor-lightbox-title=\"PHOTO-2024-04-13-08-44-27\" data-e-action-hash=\"#elementor-action%3Aaction%3Dlightbox%26settings%3DeyJpZCI6OTAyLCJ1cmwiOiJodHRwczpcL1wvYWdyaXR1cmlzbW8tZmFudGV0dGkuY29tXC93cC1jb250ZW50XC91cGxvYWRzXC8yMDI0XC8wNFwvUEhPVE8tMjAyNC0wNC0xMy0wOC00NC0yNy5qcGciLCJzbGlkZXNob3ciOiIwMDg4ZjE4In0%3D\">\n\t\t\t\t\t<div class=\"e-gallery-image elementor-gallery-item__image\" data-thumbnail=\"https:\/\/agriturismo-fantetti.com\/wp-content\/uploads\/2024\/04\/PHOTO-2024-04-13-08-44-27-768x1024.jpg\" data-width=\"768\" data-height=\"1024\" aria-label=\"\" role=\"img\" ><\/div>\n\t\t\t\t\t\t\t\t\t\t\t<div class=\"elementor-gallery-item__overlay\"><\/div>\n\t\t\t\t\t\t\t\t\t\t\t\t\t\t<\/a>\n\t\t\t\t\t\t\t<a class=\"e-gallery-item elementor-gallery-item elementor-animated-content\" href=\"https:\/\/agriturismo-fantetti.com\/wp-content\/uploads\/2024\/04\/PHOTO-2024-04-04-19-36-13.jpg\" data-elementor-open-lightbox=\"yes\" data-elementor-lightbox-slideshow=\"0088f18\" data-elementor-lightbox-title=\"PHOTO-2024-04-04-19-36-13\" data-e-action-hash=\"#elementor-action%3Aaction%3Dlightbox%26settings%3DeyJpZCI6OTAzLCJ1cmwiOiJodHRwczpcL1wvYWdyaXR1cmlzbW8tZmFudGV0dGkuY29tXC93cC1jb250ZW50XC91cGxvYWRzXC8yMDI0XC8wNFwvUEhPVE8tMjAyNC0wNC0wNC0xOS0zNi0xMy5qcGciLCJzbGlkZXNob3ciOiIwMDg4ZjE4In0%3D\">\n\t\t\t\t\t<div class=\"e-gallery-image elementor-gallery-item__image\" data-thumbnail=\"https:\/\/agriturismo-fantetti.com\/wp-content\/uploads\/2024\/04\/PHOTO-2024-04-04-19-36-13-768x1365.jpg\" data-width=\"768\" data-height=\"1365\" aria-label=\"\" role=\"img\" ><\/div>\n\t\t\t\t\t\t\t\t\t\t\t<div class=\"elementor-gallery-item__overlay\"><\/div>\n\t\t\t\t\t\t\t\t\t\t\t\t\t\t<\/a>\n\t\t\t\t\t\t\t<a class=\"e-gallery-item elementor-gallery-item elementor-animated-content\" href=\"https:\/\/agriturismo-fantetti.com\/wp-content\/uploads\/2024\/04\/PHOTO-2024-04-04-19-36-11-2.jpg\" data-elementor-open-lightbox=\"yes\" data-elementor-lightbox-slideshow=\"0088f18\" data-elementor-lightbox-title=\"PHOTO-2024-04-04-19-36-11 2\" data-e-action-hash=\"#elementor-action%3Aaction%3Dlightbox%26settings%3DeyJpZCI6OTA0LCJ1cmwiOiJodHRwczpcL1wvYWdyaXR1cmlzbW8tZmFudGV0dGkuY29tXC93cC1jb250ZW50XC91cGxvYWRzXC8yMDI0XC8wNFwvUEhPVE8tMjAyNC0wNC0wNC0xOS0zNi0xMS0yLmpwZyIsInNsaWRlc2hvdyI6IjAwODhmMTgifQ%3D%3D\">\n\t\t\t\t\t<div class=\"e-gallery-image elementor-gallery-item__image\" data-thumbnail=\"https:\/\/agriturismo-fantetti.com\/wp-content\/uploads\/2024\/04\/PHOTO-2024-04-04-19-36-11-2-768x1365.jpg\" data-width=\"768\" data-height=\"1365\" aria-label=\"\" role=\"img\" ><\/div>\n\t\t\t\t\t\t\t\t\t\t\t<div class=\"elementor-gallery-item__overlay\"><\/div>\n\t\t\t\t\t\t\t\t\t\t\t\t\t\t<\/a>\n\t\t\t\t\t\t\t<a class=\"e-gallery-item elementor-gallery-item elementor-animated-content\" href=\"https:\/\/agriturismo-fantetti.com\/wp-content\/uploads\/2024\/04\/PHOTO-2024-04-04-19-36-11.jpg\" data-elementor-open-lightbox=\"yes\" data-elementor-lightbox-slideshow=\"0088f18\" data-elementor-lightbox-title=\"PHOTO-2024-04-04-19-36-11\" data-e-action-hash=\"#elementor-action%3Aaction%3Dlightbox%26settings%3DeyJpZCI6OTA1LCJ1cmwiOiJodHRwczpcL1wvYWdyaXR1cmlzbW8tZmFudGV0dGkuY29tXC93cC1jb250ZW50XC91cGxvYWRzXC8yMDI0XC8wNFwvUEhPVE8tMjAyNC0wNC0wNC0xOS0zNi0xMS5qcGciLCJzbGlkZXNob3ciOiIwMDg4ZjE4In0%3D\">\n\t\t\t\t\t<div class=\"e-gallery-image elementor-gallery-item__image\" data-thumbnail=\"https:\/\/agriturismo-fantetti.com\/wp-content\/uploads\/2024\/04\/PHOTO-2024-04-04-19-36-11-768x1365.jpg\" data-width=\"768\" data-height=\"1365\" aria-label=\"\" role=\"img\" ><\/div>\n\t\t\t\t\t\t\t\t\t\t\t<div class=\"elementor-gallery-item__overlay\"><\/div>\n\t\t\t\t\t\t\t\t\t\t\t\t\t\t<\/a>\n\t\t\t\t\t\t\t<a class=\"e-gallery-item elementor-gallery-item elementor-animated-content\" href=\"https:\/\/agriturismo-fantetti.com\/wp-content\/uploads\/2024\/04\/PHOTO-2024-04-04-19-36-10-2.jpg\" data-elementor-open-lightbox=\"yes\" data-elementor-lightbox-slideshow=\"0088f18\" data-elementor-lightbox-title=\"PHOTO-2024-04-04-19-36-10 2\" data-e-action-hash=\"#elementor-action%3Aaction%3Dlightbox%26settings%3DeyJpZCI6OTA2LCJ1cmwiOiJodHRwczpcL1wvYWdyaXR1cmlzbW8tZmFudGV0dGkuY29tXC93cC1jb250ZW50XC91cGxvYWRzXC8yMDI0XC8wNFwvUEhPVE8tMjAyNC0wNC0wNC0xOS0zNi0xMC0yLmpwZyIsInNsaWRlc2hvdyI6IjAwODhmMTgifQ%3D%3D\">\n\t\t\t\t\t<div class=\"e-gallery-image elementor-gallery-item__image\" data-thumbnail=\"https:\/\/agriturismo-fantetti.com\/wp-content\/uploads\/2024\/04\/PHOTO-2024-04-04-19-36-10-2-768x432.jpg\" data-width=\"768\" data-height=\"432\" aria-label=\"\" role=\"img\" ><\/div>\n\t\t\t\t\t\t\t\t\t\t\t<div class=\"elementor-gallery-item__overlay\"><\/div>\n\t\t\t\t\t\t\t\t\t\t\t\t\t\t<\/a>\n\t\t\t\t\t\t\t<a class=\"e-gallery-item elementor-gallery-item elementor-animated-content\" href=\"https:\/\/agriturismo-fantetti.com\/wp-content\/uploads\/2024\/04\/PHOTO-2024-04-04-18-42-57.jpg\" data-elementor-open-lightbox=\"yes\" data-elementor-lightbox-slideshow=\"0088f18\" data-elementor-lightbox-title=\"PHOTO-2024-04-04-18-42-57\" data-e-action-hash=\"#elementor-action%3Aaction%3Dlightbox%26settings%3DeyJpZCI6OTA3LCJ1cmwiOiJodHRwczpcL1wvYWdyaXR1cmlzbW8tZmFudGV0dGkuY29tXC93cC1jb250ZW50XC91cGxvYWRzXC8yMDI0XC8wNFwvUEhPVE8tMjAyNC0wNC0wNC0xOC00Mi01Ny5qcGciLCJzbGlkZXNob3ciOiIwMDg4ZjE4In0%3D\">\n\t\t\t\t\t<div class=\"e-gallery-image elementor-gallery-item__image\" data-thumbnail=\"https:\/\/agriturismo-fantetti.com\/wp-content\/uploads\/2024\/04\/PHOTO-2024-04-04-18-42-57-768x578.jpg\" data-width=\"768\" data-height=\"578\" aria-label=\"\" role=\"img\" ><\/div>\n\t\t\t\t\t\t\t\t\t\t\t<div class=\"elementor-gallery-item__overlay\"><\/div>\n\t\t\t\t\t\t\t\t\t\t\t\t\t\t<\/a>\n\t\t\t\t\t\t\t<a class=\"e-gallery-item elementor-gallery-item elementor-animated-content\" href=\"https:\/\/agriturismo-fantetti.com\/wp-content\/uploads\/2024\/06\/PXL_20240404_132456299-scaled.jpg\" data-elementor-open-lightbox=\"yes\" data-elementor-lightbox-slideshow=\"0088f18\" data-elementor-lightbox-title=\"PXL_20240404_132456299\" data-e-action-hash=\"#elementor-action%3Aaction%3Dlightbox%26settings%3DeyJpZCI6MTE1MCwidXJsIjoiaHR0cHM6XC9cL2Fncml0dXJpc21vLWZhbnRldHRpLmNvbVwvd3AtY29udGVudFwvdXBsb2Fkc1wvMjAyNFwvMDZcL1BYTF8yMDI0MDQwNF8xMzI0NTYyOTktc2NhbGVkLmpwZyIsInNsaWRlc2hvdyI6IjAwODhmMTgifQ%3D%3D\">\n\t\t\t\t\t<div class=\"e-gallery-image elementor-gallery-item__image\" data-thumbnail=\"https:\/\/agriturismo-fantetti.com\/wp-content\/uploads\/2024\/06\/PXL_20240404_132456299-768x1020.jpg\" data-width=\"768\" data-height=\"1020\" aria-label=\"\" role=\"img\" ><\/div>\n\t\t\t\t\t\t\t\t\t\t\t<div class=\"elementor-gallery-item__overlay\"><\/div>\n\t\t\t\t\t\t\t\t\t\t\t\t\t\t<\/a>\n\t\t\t\t\t\t\t<a class=\"e-gallery-item elementor-gallery-item elementor-animated-content\" href=\"https:\/\/agriturismo-fantetti.com\/wp-content\/uploads\/2024\/06\/PXL_20240404_145454142.MP_-scaled.jpg\" data-elementor-open-lightbox=\"yes\" data-elementor-lightbox-slideshow=\"0088f18\" data-elementor-lightbox-title=\"PXL_20240404_145454142.MP\" data-e-action-hash=\"#elementor-action%3Aaction%3Dlightbox%26settings%3DeyJpZCI6MTE1OCwidXJsIjoiaHR0cHM6XC9cL2Fncml0dXJpc21vLWZhbnRldHRpLmNvbVwvd3AtY29udGVudFwvdXBsb2Fkc1wvMjAyNFwvMDZcL1BYTF8yMDI0MDQwNF8xNDU0NTQxNDIuTVBfLXNjYWxlZC5qcGciLCJzbGlkZXNob3ciOiIwMDg4ZjE4In0%3D\">\n\t\t\t\t\t<div class=\"e-gallery-image elementor-gallery-item__image\" data-thumbnail=\"https:\/\/agriturismo-fantetti.com\/wp-content\/uploads\/2024\/06\/PXL_20240404_145454142.MP_-768x1020.jpg\" data-width=\"768\" data-height=\"1020\" aria-label=\"\" role=\"img\" ><\/div>\n\t\t\t\t\t\t\t\t\t\t\t<div class=\"elementor-gallery-item__overlay\"><\/div>\n\t\t\t\t\t\t\t\t\t\t\t\t\t\t<\/a>\n\t\t\t\t\t\t\t<a class=\"e-gallery-item elementor-gallery-item elementor-animated-content\" href=\"https:\/\/agriturismo-fantetti.com\/wp-content\/uploads\/2024\/06\/PXL_20240404_150732542-scaled.jpg\" data-elementor-open-lightbox=\"yes\" data-elementor-lightbox-slideshow=\"0088f18\" data-elementor-lightbox-title=\"PXL_20240404_150732542\" data-e-action-hash=\"#elementor-action%3Aaction%3Dlightbox%26settings%3DeyJpZCI6MTE2MSwidXJsIjoiaHR0cHM6XC9cL2Fncml0dXJpc21vLWZhbnRldHRpLmNvbVwvd3AtY29udGVudFwvdXBsb2Fkc1wvMjAyNFwvMDZcL1BYTF8yMDI0MDQwNF8xNTA3MzI1NDItc2NhbGVkLmpwZyIsInNsaWRlc2hvdyI6IjAwODhmMTgifQ%3D%3D\">\n\t\t\t\t\t<div class=\"e-gallery-image elementor-gallery-item__image\" data-thumbnail=\"https:\/\/agriturismo-fantetti.com\/wp-content\/uploads\/2024\/06\/PXL_20240404_150732542-768x578.jpg\" data-width=\"768\" data-height=\"578\" aria-label=\"\" role=\"img\" ><\/div>\n\t\t\t\t\t\t\t\t\t\t\t<div class=\"elementor-gallery-item__overlay\"><\/div>\n\t\t\t\t\t\t\t\t\t\t\t\t\t\t<\/a>\n\t\t\t\t\t\t\t<a class=\"e-gallery-item elementor-gallery-item elementor-animated-content\" href=\"https:\/\/agriturismo-fantetti.com\/wp-content\/uploads\/2024\/06\/PXL_20240404_151854957-scaled.jpg\" data-elementor-open-lightbox=\"yes\" data-elementor-lightbox-slideshow=\"0088f18\" data-elementor-lightbox-title=\"PXL_20240404_151854957\" data-e-action-hash=\"#elementor-action%3Aaction%3Dlightbox%26settings%3DeyJpZCI6MTE2MywidXJsIjoiaHR0cHM6XC9cL2Fncml0dXJpc21vLWZhbnRldHRpLmNvbVwvd3AtY29udGVudFwvdXBsb2Fkc1wvMjAyNFwvMDZcL1BYTF8yMDI0MDQwNF8xNTE4NTQ5NTctc2NhbGVkLmpwZyIsInNsaWRlc2hvdyI6IjAwODhmMTgifQ%3D%3D\">\n\t\t\t\t\t<div class=\"e-gallery-image elementor-gallery-item__image\" data-thumbnail=\"https:\/\/agriturismo-fantetti.com\/wp-content\/uploads\/2024\/06\/PXL_20240404_151854957-768x578.jpg\" data-width=\"768\" data-height=\"578\" aria-label=\"\" role=\"img\" ><\/div>\n\t\t\t\t\t\t\t\t\t\t\t<div class=\"elementor-gallery-item__overlay\"><\/div>\n\t\t\t\t\t\t\t\t\t\t\t\t\t\t<\/a>\n\t\t\t\t\t\t\t<a class=\"e-gallery-item elementor-gallery-item elementor-animated-content\" href=\"https:\/\/agriturismo-fantetti.com\/wp-content\/uploads\/2024\/06\/PXL_20240404_131231771-scaled.jpg\" data-elementor-open-lightbox=\"yes\" data-elementor-lightbox-slideshow=\"0088f18\" data-elementor-lightbox-title=\"PXL_20240404_131231771\" data-e-action-hash=\"#elementor-action%3Aaction%3Dlightbox%26settings%3DeyJpZCI6MTE2NCwidXJsIjoiaHR0cHM6XC9cL2Fncml0dXJpc21vLWZhbnRldHRpLmNvbVwvd3AtY29udGVudFwvdXBsb2Fkc1wvMjAyNFwvMDZcL1BYTF8yMDI0MDQwNF8xMzEyMzE3NzEtc2NhbGVkLmpwZyIsInNsaWRlc2hvdyI6IjAwODhmMTgifQ%3D%3D\">\n\t\t\t\t\t<div class=\"e-gallery-image elementor-gallery-item__image\" data-thumbnail=\"https:\/\/agriturismo-fantetti.com\/wp-content\/uploads\/2024\/06\/PXL_20240404_131231771-768x578.jpg\" data-width=\"768\" data-height=\"578\" aria-label=\"\" role=\"img\" ><\/div>\n\t\t\t\t\t\t\t\t\t\t\t<div class=\"elementor-gallery-item__overlay\"><\/div>\n\t\t\t\t\t\t\t\t\t\t\t\t\t\t<\/a>\n\t\t\t\t\t\t\t<a class=\"e-gallery-item elementor-gallery-item elementor-animated-content\" href=\"https:\/\/agriturismo-fantetti.com\/wp-content\/uploads\/2024\/06\/PXL_20240404_145448074.MP_-scaled.jpg\" data-elementor-open-lightbox=\"yes\" data-elementor-lightbox-slideshow=\"0088f18\" data-elementor-lightbox-title=\"PXL_20240404_145448074.MP\" data-e-action-hash=\"#elementor-action%3Aaction%3Dlightbox%26settings%3DeyJpZCI6MTE3OCwidXJsIjoiaHR0cHM6XC9cL2Fncml0dXJpc21vLWZhbnRldHRpLmNvbVwvd3AtY29udGVudFwvdXBsb2Fkc1wvMjAyNFwvMDZcL1BYTF8yMDI0MDQwNF8xNDU0NDgwNzQuTVBfLXNjYWxlZC5qcGciLCJzbGlkZXNob3ciOiIwMDg4ZjE4In0%3D\">\n\t\t\t\t\t<div class=\"e-gallery-image elementor-gallery-item__image\" data-thumbnail=\"https:\/\/agriturismo-fantetti.com\/wp-content\/uploads\/2024\/06\/PXL_20240404_145448074.MP_-768x1020.jpg\" data-width=\"768\" data-height=\"1020\" aria-label=\"\" role=\"img\" ><\/div>\n\t\t\t\t\t\t\t\t\t\t\t<div class=\"elementor-gallery-item__overlay\"><\/div>\n\t\t\t\t\t\t\t\t\t\t\t\t\t\t<\/a>\n\t\t\t\t\t\t\t<a class=\"e-gallery-item elementor-gallery-item elementor-animated-content\" href=\"https:\/\/agriturismo-fantetti.com\/wp-content\/uploads\/2024\/06\/PXL_20240404_150730844.MP_-scaled.jpg\" data-elementor-open-lightbox=\"yes\" data-elementor-lightbox-slideshow=\"0088f18\" data-elementor-lightbox-title=\"PXL_20240404_150730844.MP\" data-e-action-hash=\"#elementor-action%3Aaction%3Dlightbox%26settings%3DeyJpZCI6MTE3OSwidXJsIjoiaHR0cHM6XC9cL2Fncml0dXJpc21vLWZhbnRldHRpLmNvbVwvd3AtY29udGVudFwvdXBsb2Fkc1wvMjAyNFwvMDZcL1BYTF8yMDI0MDQwNF8xNTA3MzA4NDQuTVBfLXNjYWxlZC5qcGciLCJzbGlkZXNob3ciOiIwMDg4ZjE4In0%3D\">\n\t\t\t\t\t<div class=\"e-gallery-image elementor-gallery-item__image\" data-thumbnail=\"https:\/\/agriturismo-fantetti.com\/wp-content\/uploads\/2024\/06\/PXL_20240404_150730844.MP_-768x578.jpg\" data-width=\"768\" data-height=\"578\" aria-label=\"\" role=\"img\" ><\/div>\n\t\t\t\t\t\t\t\t\t\t\t<div class=\"elementor-gallery-item__overlay\"><\/div>\n\t\t\t\t\t\t\t\t\t\t\t\t\t\t<\/a>\n\t\t\t\t\t\t\t<a class=\"e-gallery-item elementor-gallery-item elementor-animated-content\" href=\"https:\/\/agriturismo-fantetti.com\/wp-content\/uploads\/2024\/06\/PXL_20240404_145455444.MP_-scaled.jpg\" data-elementor-open-lightbox=\"yes\" data-elementor-lightbox-slideshow=\"0088f18\" data-elementor-lightbox-title=\"PXL_20240404_145455444.MP\" data-e-action-hash=\"#elementor-action%3Aaction%3Dlightbox%26settings%3DeyJpZCI6MTE4MCwidXJsIjoiaHR0cHM6XC9cL2Fncml0dXJpc21vLWZhbnRldHRpLmNvbVwvd3AtY29udGVudFwvdXBsb2Fkc1wvMjAyNFwvMDZcL1BYTF8yMDI0MDQwNF8xNDU0NTU0NDQuTVBfLXNjYWxlZC5qcGciLCJzbGlkZXNob3ciOiIwMDg4ZjE4In0%3D\">\n\t\t\t\t\t<div class=\"e-gallery-image elementor-gallery-item__image\" data-thumbnail=\"https:\/\/agriturismo-fantetti.com\/wp-content\/uploads\/2024\/06\/PXL_20240404_145455444.MP_-768x1020.jpg\" data-width=\"768\" data-height=\"1020\" aria-label=\"\" role=\"img\" ><\/div>\n\t\t\t\t\t\t\t\t\t\t\t<div class=\"elementor-gallery-item__overlay\"><\/div>\n\t\t\t\t\t\t\t\t\t\t\t\t\t\t<\/a>\n\t\t\t\t\t\t\t<a class=\"e-gallery-item elementor-gallery-item elementor-animated-content\" href=\"https:\/\/agriturismo-fantetti.com\/wp-content\/uploads\/2024\/06\/PXL_20240404_151851850-scaled.jpg\" data-elementor-open-lightbox=\"yes\" data-elementor-lightbox-slideshow=\"0088f18\" data-elementor-lightbox-title=\"PXL_20240404_151851850\" data-e-action-hash=\"#elementor-action%3Aaction%3Dlightbox%26settings%3DeyJpZCI6MTE4MSwidXJsIjoiaHR0cHM6XC9cL2Fncml0dXJpc21vLWZhbnRldHRpLmNvbVwvd3AtY29udGVudFwvdXBsb2Fkc1wvMjAyNFwvMDZcL1BYTF8yMDI0MDQwNF8xNTE4NTE4NTAtc2NhbGVkLmpwZyIsInNsaWRlc2hvdyI6IjAwODhmMTgifQ%3D%3D\">\n\t\t\t\t\t<div class=\"e-gallery-image elementor-gallery-item__image\" data-thumbnail=\"https:\/\/agriturismo-fantetti.com\/wp-content\/uploads\/2024\/06\/PXL_20240404_151851850-768x1020.jpg\" data-width=\"768\" data-height=\"1020\" aria-label=\"\" role=\"img\" ><\/div>\n\t\t\t\t\t\t\t\t\t\t\t<div class=\"elementor-gallery-item__overlay\"><\/div>\n\t\t\t\t\t\t\t\t\t\t\t\t\t\t<\/a>\n\t\t\t\t\t\t\t<a class=\"e-gallery-item elementor-gallery-item elementor-animated-content\" href=\"https:\/\/agriturismo-fantetti.com\/wp-content\/uploads\/2024\/06\/PXL_20240404_132428370-scaled.jpg\" data-elementor-open-lightbox=\"yes\" data-elementor-lightbox-slideshow=\"0088f18\" data-elementor-lightbox-title=\"PXL_20240404_132428370\" data-e-action-hash=\"#elementor-action%3Aaction%3Dlightbox%26settings%3DeyJpZCI6MTE3MSwidXJsIjoiaHR0cHM6XC9cL2Fncml0dXJpc21vLWZhbnRldHRpLmNvbVwvd3AtY29udGVudFwvdXBsb2Fkc1wvMjAyNFwvMDZcL1BYTF8yMDI0MDQwNF8xMzI0MjgzNzAtc2NhbGVkLmpwZyIsInNsaWRlc2hvdyI6IjAwODhmMTgifQ%3D%3D\">\n\t\t\t\t\t<div class=\"e-gallery-image elementor-gallery-item__image\" data-thumbnail=\"https:\/\/agriturismo-fantetti.com\/wp-content\/uploads\/2024\/06\/PXL_20240404_132428370-768x1020.jpg\" data-width=\"768\" data-height=\"1020\" aria-label=\"\" role=\"img\" ><\/div>\n\t\t\t\t\t\t\t\t\t\t\t<div class=\"elementor-gallery-item__overlay\"><\/div>\n\t\t\t\t\t\t\t\t\t\t\t\t\t\t<\/a>\n\t\t\t\t\t\t\t<a class=\"e-gallery-item elementor-gallery-item elementor-animated-content\" href=\"https:\/\/agriturismo-fantetti.com\/wp-content\/uploads\/2024\/06\/PXL_20240404_133211974-scaled.jpg\" data-elementor-open-lightbox=\"yes\" data-elementor-lightbox-slideshow=\"0088f18\" data-elementor-lightbox-title=\"PXL_20240404_133211974\" data-e-action-hash=\"#elementor-action%3Aaction%3Dlightbox%26settings%3DeyJpZCI6MTE4NSwidXJsIjoiaHR0cHM6XC9cL2Fncml0dXJpc21vLWZhbnRldHRpLmNvbVwvd3AtY29udGVudFwvdXBsb2Fkc1wvMjAyNFwvMDZcL1BYTF8yMDI0MDQwNF8xMzMyMTE5NzQtc2NhbGVkLmpwZyIsInNsaWRlc2hvdyI6IjAwODhmMTgifQ%3D%3D\">\n\t\t\t\t\t<div class=\"e-gallery-image elementor-gallery-item__image\" data-thumbnail=\"https:\/\/agriturismo-fantetti.com\/wp-content\/uploads\/2024\/06\/PXL_20240404_133211974-768x1020.jpg\" data-width=\"768\" data-height=\"1020\" aria-label=\"\" role=\"img\" ><\/div>\n\t\t\t\t\t\t\t\t\t\t\t<div class=\"elementor-gallery-item__overlay\"><\/div>\n\t\t\t\t\t\t\t\t\t\t\t\t\t\t<\/a>\n\t\t\t\t\t<\/div>\n\t\t\t\t\t<\/div>\n\t\t\t\t<\/div>\n\t\t\t\t\t<\/div>\n\t\t<\/div>\n\t\t\t\t\t<\/div>\n\t\t<\/section>\n\t\t\t\t<\/div>\n\t\t","protected":false},"excerpt":{"rendered":"<p>Ganzj\u00e4hrige Events Reiten Erfahrungen Unser Angebot f\u00fcr Reitbegeisterte f\u00fchrt Sie durch die malerische Berglandschaft und bietet auch au\u00dferhalb der Hauptsaison (Juli-Oktober) Strandausritte. Genie\u00dfen Sie das einzigartige Erlebnis, die Natur auf dem R\u00fccken unserer Pferde das ganze Jahr \u00fcber zu erkunden. Die entspannenden Ausritte durch die Berge und am Strand bieten Ihnen die perfekte Gelegenheit, dem [&hellip;]<\/p>\n","protected":false},"author":1,"featured_media":0,"parent":0,"menu_order":0,"comment_status":"closed","ping_status":"closed","template":"elementor_header_footer","meta":{"om_disable_all_campaigns":false,"inline_featured_image":false,"_monsterinsights_skip_tracking":false,"_monsterinsights_sitenote_active":false,"_monsterinsights_sitenote_note":"","_monsterinsights_sitenote_category":0,"footnotes":""},"class_list":["post-952","page","type-page","status-publish","hentry"],"_links":{"self":[{"href":"https:\/\/agriturismo-fantetti.com\/de\/wp-json\/wp\/v2\/pages\/952","targetHints":{"allow":["GET"]}}],"collection":[{"href":"https:\/\/agriturismo-fantetti.com\/de\/wp-json\/wp\/v2\/pages"}],"about":[{"href":"https:\/\/agriturismo-fantetti.com\/de\/wp-json\/wp\/v2\/types\/page"}],"author":[{"embeddable":true,"href":"https:\/\/agriturismo-fantetti.com\/de\/wp-json\/wp\/v2\/users\/1"}],"replies":[{"embeddable":true,"href":"https:\/\/agriturismo-fantetti.com\/de\/wp-json\/wp\/v2\/comments?post=952"}],"version-history":[{"count":55,"href":"https:\/\/agriturismo-fantetti.com\/de\/wp-json\/wp\/v2\/pages\/952\/revisions"}],"predecessor-version":[{"id":1750,"href":"https:\/\/agriturismo-fantetti.com\/de\/wp-json\/wp\/v2\/pages\/952\/revisions\/1750"}],"wp:attachment":[{"href":"https:\/\/agriturismo-fantetti.com\/de\/wp-json\/wp\/v2\/media?parent=952"}],"curies":[{"name":"wp","href":"https:\/\/api.w.org\/{rel}","templated":true}]}}