{"id":693,"date":"2023-12-16T22:00:34","date_gmt":"2023-12-16T22:00:34","guid":{"rendered":"https:\/\/agriturismo-fantetti.com\/?page_id=693"},"modified":"2024-11-18T11:35:57","modified_gmt":"2024-11-18T11:35:57","slug":"events","status":"publish","type":"page","link":"https:\/\/agriturismo-fantetti.com\/it\/events\/","title":{"rendered":"Eventi stagionali "},"content":{"rendered":"\t\t<div data-elementor-type=\"wp-page\" data-elementor-id=\"693\" class=\"elementor elementor-693\" data-elementor-post-type=\"page\">\n\t\t\t\t\t\t<section class=\"elementor-section elementor-top-section elementor-element elementor-element-7f83c1f2 elementor-section-content-top elementor-section-height-min-height elementor-section-items-stretch elementor-section-boxed elementor-section-height-default\" data-id=\"7f83c1f2\" data-element_type=\"section\" data-settings=\"{&quot;background_background&quot;:&quot;classic&quot;}\">\n\t\t\t\t\t\t\t<div class=\"elementor-background-overlay\"><\/div>\n\t\t\t\t\t\t\t<div class=\"elementor-container elementor-column-gap-default\">\n\t\t\t\t\t<div class=\"elementor-column elementor-col-100 elementor-top-column elementor-element elementor-element-389cb5b\" data-id=\"389cb5b\" data-element_type=\"column\">\n\t\t\t<div class=\"elementor-widget-wrap elementor-element-populated\">\n\t\t\t\t\t\t<div class=\"elementor-element elementor-element-6667228d elementor-invisible elementor-widget elementor-widget-text-editor\" data-id=\"6667228d\" data-element_type=\"widget\" data-settings=\"{&quot;_animation&quot;:&quot;fadeInDown&quot;}\" data-widget_type=\"text-editor.default\">\n\t\t\t\t<div class=\"elementor-widget-container\">\n\t\t\t\t\t\t\t\t\t<p>Eventi<\/p><p>\u00a0<\/p>\t\t\t\t\t\t\t\t<\/div>\n\t\t\t\t<\/div>\n\t\t\t\t<div class=\"elementor-element elementor-element-26772df0 animated-slow elementor-invisible elementor-widget elementor-widget-heading\" data-id=\"26772df0\" data-element_type=\"widget\" data-settings=\"{&quot;_animation&quot;:&quot;fadeIn&quot;,&quot;_animation_delay&quot;:600}\" data-widget_type=\"heading.default\">\n\t\t\t\t<div class=\"elementor-widget-container\">\n\t\t\t\t\t<h1 class=\"elementor-heading-title elementor-size-default\">Seasonal Events<\/h1>\t\t\t\t<\/div>\n\t\t\t\t<\/div>\n\t\t\t\t<div class=\"elementor-element elementor-element-3c2dddb2 elementor-widget elementor-widget-spacer\" data-id=\"3c2dddb2\" data-element_type=\"widget\" data-widget_type=\"spacer.default\">\n\t\t\t\t<div class=\"elementor-widget-container\">\n\t\t\t\t\t\t\t<div class=\"elementor-spacer\">\n\t\t\t<div class=\"elementor-spacer-inner\"><\/div>\n\t\t<\/div>\n\t\t\t\t\t\t<\/div>\n\t\t\t\t<\/div>\n\t\t\t\t\t<\/div>\n\t\t<\/div>\n\t\t\t\t\t<\/div>\n\t\t<\/section>\n\t\t\t\t<section class=\"elementor-section elementor-top-section elementor-element elementor-element-4bceeb0c elementor-section-height-min-height elementor-section-boxed elementor-section-height-default elementor-section-items-middle\" data-id=\"4bceeb0c\" data-element_type=\"section\" data-settings=\"{&quot;background_background&quot;:&quot;classic&quot;}\">\n\t\t\t\t\t\t\t<div class=\"elementor-background-overlay\"><\/div>\n\t\t\t\t\t\t\t<div class=\"elementor-container elementor-column-gap-default\">\n\t\t\t\t\t<div class=\"elementor-column elementor-col-100 elementor-top-column elementor-element elementor-element-5a14330b\" data-id=\"5a14330b\" data-element_type=\"column\">\n\t\t\t<div class=\"elementor-widget-wrap elementor-element-populated\">\n\t\t\t\t\t\t<section class=\"elementor-section elementor-inner-section elementor-element elementor-element-77f44b65 elementor-reverse-mobile elementor-section-boxed elementor-section-height-default elementor-section-height-default\" data-id=\"77f44b65\" data-element_type=\"section\">\n\t\t\t\t\t\t<div class=\"elementor-container elementor-column-gap-default\">\n\t\t\t\t\t<div class=\"elementor-column elementor-col-50 elementor-inner-column elementor-element elementor-element-7c213c9e\" data-id=\"7c213c9e\" data-element_type=\"column\" data-settings=\"{&quot;background_background&quot;:&quot;classic&quot;}\">\n\t\t\t<div class=\"elementor-widget-wrap elementor-element-populated\">\n\t\t\t\t\t\t<div class=\"elementor-element elementor-element-67d2ce7a elementor-widget elementor-widget-heading\" data-id=\"67d2ce7a\" data-element_type=\"widget\" data-widget_type=\"heading.default\">\n\t\t\t\t<div class=\"elementor-widget-container\">\n\t\t\t\t\t<h3 class=\"elementor-heading-title elementor-size-default\">Grape harvest<\/h3>\t\t\t\t<\/div>\n\t\t\t\t<\/div>\n\t\t\t\t<div class=\"elementor-element elementor-element-2826d33a elementor-widget elementor-widget-text-editor\" data-id=\"2826d33a\" data-element_type=\"widget\" data-widget_type=\"text-editor.default\">\n\t\t\t\t<div class=\"elementor-widget-container\">\n\t\t\t\t\t\t\t\t\t<p>Provate il fascino unico di diventare attivi e di entrare a far parte del processo di vinificazione. La vendemmia vi invita a raccogliere le uve mature e a progettare con noi il percorso dalla vite alla bottiglia. Senti la connessione con la natura e le viti mentre partecipi attivamente al processo creativo. Il tuo vino \u00e8 pi\u00f9 di una semplice bevanda, \u00e8 un viaggio personale pieno di orgoglio e piacere.<\/p>\t\t\t\t\t\t\t\t<\/div>\n\t\t\t\t<\/div>\n\t\t\t\t<div class=\"elementor-element elementor-element-838cc4e elementor-widget elementor-widget-button\" data-id=\"838cc4e\" data-element_type=\"widget\" data-widget_type=\"button.default\">\n\t\t\t\t<div class=\"elementor-widget-container\">\n\t\t\t\t\t\t\t\t\t<div class=\"elementor-button-wrapper\">\n\t\t\t\t\t<a class=\"elementor-button elementor-button-link elementor-size-sm elementor-animation-grow\" href=\"https:\/\/agriturismo-fantetti.com\/grape-harvest\">\n\t\t\t\t\t\t<span class=\"elementor-button-content-wrapper\">\n\t\t\t\t\t\t\t\t\t<span class=\"elementor-button-text\">Learn More<\/span>\n\t\t\t\t\t<\/span>\n\t\t\t\t\t<\/a>\n\t\t\t\t<\/div>\n\t\t\t\t\t\t\t\t<\/div>\n\t\t\t\t<\/div>\n\t\t\t\t\t<\/div>\n\t\t<\/div>\n\t\t\t\t<div class=\"elementor-column elementor-col-50 elementor-inner-column elementor-element elementor-element-5540c76c\" data-id=\"5540c76c\" data-element_type=\"column\">\n\t\t\t<div class=\"elementor-widget-wrap elementor-element-populated\">\n\t\t\t\t\t\t<div class=\"elementor-element elementor-element-465cefd9 elementor-widget elementor-widget-image\" data-id=\"465cefd9\" data-element_type=\"widget\" data-widget_type=\"image.default\">\n\t\t\t\t<div class=\"elementor-widget-container\">\n\t\t\t\t\t\t\t\t\t\t\t\t\t\t\t\t<a href=\"https:\/\/agriturismo-fantetti.com\/grape-harvest\">\n\t\t\t\t\t\t\t<img fetchpriority=\"high\" decoding=\"async\" width=\"780\" height=\"520\" src=\"https:\/\/agriturismo-fantetti.com\/wp-content\/uploads\/2023\/12\/pexels-pixabay-51947-1024x683.jpg\" class=\"elementor-animation-hang attachment-large size-large wp-image-387\" alt=\"\" srcset=\"https:\/\/agriturismo-fantetti.com\/wp-content\/uploads\/2023\/12\/pexels-pixabay-51947-1024x683.jpg 1024w, https:\/\/agriturismo-fantetti.com\/wp-content\/uploads\/2023\/12\/pexels-pixabay-51947-300x200.jpg 300w, https:\/\/agriturismo-fantetti.com\/wp-content\/uploads\/2023\/12\/pexels-pixabay-51947-768x512.jpg 768w, https:\/\/agriturismo-fantetti.com\/wp-content\/uploads\/2023\/12\/pexels-pixabay-51947-1536x1024.jpg 1536w, https:\/\/agriturismo-fantetti.com\/wp-content\/uploads\/2023\/12\/pexels-pixabay-51947-2048x1366.jpg 2048w, https:\/\/agriturismo-fantetti.com\/wp-content\/uploads\/2023\/12\/pexels-pixabay-51947-1620x1080.jpg 1620w, https:\/\/agriturismo-fantetti.com\/wp-content\/uploads\/2023\/12\/pexels-pixabay-51947-450x300.jpg 450w\" sizes=\"(max-width: 780px) 100vw, 780px\" \/>\t\t\t\t\t\t\t\t<\/a>\n\t\t\t\t\t\t\t\t\t\t\t\t\t\t\t<\/div>\n\t\t\t\t<\/div>\n\t\t\t\t\t<\/div>\n\t\t<\/div>\n\t\t\t\t\t<\/div>\n\t\t<\/section>\n\t\t\t\t<section class=\"elementor-section elementor-inner-section elementor-element elementor-element-37139e66 elementor-section-boxed elementor-section-height-default elementor-section-height-default\" data-id=\"37139e66\" data-element_type=\"section\">\n\t\t\t\t\t\t<div class=\"elementor-container elementor-column-gap-default\">\n\t\t\t\t\t<div class=\"elementor-column elementor-col-50 elementor-inner-column elementor-element elementor-element-6c0d1cee\" data-id=\"6c0d1cee\" data-element_type=\"column\">\n\t\t\t<div class=\"elementor-widget-wrap elementor-element-populated\">\n\t\t\t\t\t\t<div class=\"elementor-element elementor-element-109ab95a elementor-widget elementor-widget-image\" data-id=\"109ab95a\" data-element_type=\"widget\" data-widget_type=\"image.default\">\n\t\t\t\t<div class=\"elementor-widget-container\">\n\t\t\t\t\t\t\t\t\t\t\t\t\t\t\t\t<a href=\"https:\/\/agriturismo-fantetti.com\/olive-harvest\">\n\t\t\t\t\t\t\t<img decoding=\"async\" width=\"780\" height=\"520\" src=\"https:\/\/agriturismo-fantetti.com\/wp-content\/uploads\/2023\/12\/pexels-polina-tankilevitch-4109910-1024x683.jpg\" class=\"elementor-animation-hang attachment-large size-large wp-image-394\" alt=\"\" srcset=\"https:\/\/agriturismo-fantetti.com\/wp-content\/uploads\/2023\/12\/pexels-polina-tankilevitch-4109910-1024x683.jpg 1024w, https:\/\/agriturismo-fantetti.com\/wp-content\/uploads\/2023\/12\/pexels-polina-tankilevitch-4109910-300x200.jpg 300w, https:\/\/agriturismo-fantetti.com\/wp-content\/uploads\/2023\/12\/pexels-polina-tankilevitch-4109910-768x512.jpg 768w, https:\/\/agriturismo-fantetti.com\/wp-content\/uploads\/2023\/12\/pexels-polina-tankilevitch-4109910-1536x1024.jpg 1536w, https:\/\/agriturismo-fantetti.com\/wp-content\/uploads\/2023\/12\/pexels-polina-tankilevitch-4109910-2048x1365.jpg 2048w, https:\/\/agriturismo-fantetti.com\/wp-content\/uploads\/2023\/12\/pexels-polina-tankilevitch-4109910-1620x1080.jpg 1620w, https:\/\/agriturismo-fantetti.com\/wp-content\/uploads\/2023\/12\/pexels-polina-tankilevitch-4109910-450x300.jpg 450w\" sizes=\"(max-width: 780px) 100vw, 780px\" \/>\t\t\t\t\t\t\t\t<\/a>\n\t\t\t\t\t\t\t\t\t\t\t\t\t\t\t<\/div>\n\t\t\t\t<\/div>\n\t\t\t\t\t<\/div>\n\t\t<\/div>\n\t\t\t\t<div class=\"elementor-column elementor-col-50 elementor-inner-column elementor-element elementor-element-3e45fd45\" data-id=\"3e45fd45\" data-element_type=\"column\" data-settings=\"{&quot;background_background&quot;:&quot;classic&quot;}\">\n\t\t\t<div class=\"elementor-widget-wrap elementor-element-populated\">\n\t\t\t\t\t\t<div class=\"elementor-element elementor-element-5c2df2a8 elementor-widget elementor-widget-heading\" data-id=\"5c2df2a8\" data-element_type=\"widget\" data-widget_type=\"heading.default\">\n\t\t\t\t<div class=\"elementor-widget-container\">\n\t\t\t\t\t<h3 class=\"elementor-heading-title elementor-size-default\">Olive harvest<\/h3>\t\t\t\t<\/div>\n\t\t\t\t<\/div>\n\t\t\t\t<div class=\"elementor-element elementor-element-2a9c2f10 elementor-widget elementor-widget-text-editor\" data-id=\"2a9c2f10\" data-element_type=\"widget\" data-widget_type=\"text-editor.default\">\n\t\t\t\t<div class=\"elementor-widget-container\">\n\t\t\t\t\t\t\t\t\t<p>Vivi il fascino della raccolta delle olive! Immergetevi negli oliveti baciati dal sole e diventate parte della nostra famiglia delle colture. Insieme raccogliamo con cura le migliori olive per produrre olio d&#8217;oliva di alta qualit\u00e0. Create ricordi indimenticabili immersi nella natura e assaporate il sapore autentico delle olive raccolte a mano. Questi si possono poi acquistare a buon mercato nel nostro negozio e portare a casa una bottiglia piena di ricordi<\/p>\t\t\t\t\t\t\t\t<\/div>\n\t\t\t\t<\/div>\n\t\t\t\t<div class=\"elementor-element elementor-element-86ac7f7 elementor-widget elementor-widget-button\" data-id=\"86ac7f7\" data-element_type=\"widget\" data-widget_type=\"button.default\">\n\t\t\t\t<div class=\"elementor-widget-container\">\n\t\t\t\t\t\t\t\t\t<div class=\"elementor-button-wrapper\">\n\t\t\t\t\t<a class=\"elementor-button elementor-button-link elementor-size-sm elementor-animation-grow\" href=\"https:\/\/agriturismo-fantetti.com\/olive-harvest\">\n\t\t\t\t\t\t<span class=\"elementor-button-content-wrapper\">\n\t\t\t\t\t\t\t\t\t<span class=\"elementor-button-text\">Learn More<\/span>\n\t\t\t\t\t<\/span>\n\t\t\t\t\t<\/a>\n\t\t\t\t<\/div>\n\t\t\t\t\t\t\t\t<\/div>\n\t\t\t\t<\/div>\n\t\t\t\t\t<\/div>\n\t\t<\/div>\n\t\t\t\t\t<\/div>\n\t\t<\/section>\n\t\t\t\t<section class=\"elementor-section elementor-inner-section elementor-element elementor-element-da20e17 elementor-reverse-mobile elementor-section-boxed elementor-section-height-default elementor-section-height-default\" data-id=\"da20e17\" data-element_type=\"section\">\n\t\t\t\t\t\t<div class=\"elementor-container elementor-column-gap-default\">\n\t\t\t\t\t<div class=\"elementor-column elementor-col-50 elementor-inner-column elementor-element elementor-element-2076b35\" data-id=\"2076b35\" data-element_type=\"column\" data-settings=\"{&quot;background_background&quot;:&quot;classic&quot;}\">\n\t\t\t<div class=\"elementor-widget-wrap elementor-element-populated\">\n\t\t\t\t\t\t<div class=\"elementor-element elementor-element-09babfa elementor-widget elementor-widget-heading\" data-id=\"09babfa\" data-element_type=\"widget\" data-widget_type=\"heading.default\">\n\t\t\t\t<div class=\"elementor-widget-container\">\n\t\t\t\t\t<h3 class=\"elementor-heading-title elementor-size-default\">Salsa<\/h3>\t\t\t\t<\/div>\n\t\t\t\t<\/div>\n\t\t\t\t<div class=\"elementor-element elementor-element-2557c1c elementor-widget elementor-widget-text-editor\" data-id=\"2557c1c\" data-element_type=\"widget\" data-widget_type=\"text-editor.default\">\n\t\t\t\t<div class=\"elementor-widget-container\">\n\t\t\t\t\t\t\t\t\t<p>Puntuali per la raccolta del pomodoro a fine agosto offriamo nel nostro agriturismo la possibilit\u00e0 di partecipare alla trasformazione del pomodoro in salsa. La salsa di pomodoro fatta in casa viene imbottigliata e pu\u00f2 essere acquistata a buon mercato. Si portano a casa un po&#8217; di vacanza.<\/p>\t\t\t\t\t\t\t\t<\/div>\n\t\t\t\t<\/div>\n\t\t\t\t<div class=\"elementor-element elementor-element-17ba4f3 elementor-widget elementor-widget-button\" data-id=\"17ba4f3\" data-element_type=\"widget\" data-widget_type=\"button.default\">\n\t\t\t\t<div class=\"elementor-widget-container\">\n\t\t\t\t\t\t\t\t\t<div class=\"elementor-button-wrapper\">\n\t\t\t\t\t<a class=\"elementor-button elementor-button-link elementor-size-sm elementor-animation-grow\" href=\"https:\/\/agriturismo-fantetti.com\/salsa\">\n\t\t\t\t\t\t<span class=\"elementor-button-content-wrapper\">\n\t\t\t\t\t\t\t\t\t<span class=\"elementor-button-text\">Learn More<\/span>\n\t\t\t\t\t<\/span>\n\t\t\t\t\t<\/a>\n\t\t\t\t<\/div>\n\t\t\t\t\t\t\t\t<\/div>\n\t\t\t\t<\/div>\n\t\t\t\t\t<\/div>\n\t\t<\/div>\n\t\t\t\t<div class=\"elementor-column elementor-col-50 elementor-inner-column elementor-element elementor-element-f035677\" data-id=\"f035677\" data-element_type=\"column\">\n\t\t\t<div class=\"elementor-widget-wrap elementor-element-populated\">\n\t\t\t\t\t\t<div class=\"elementor-element elementor-element-004414d elementor-widget elementor-widget-image\" data-id=\"004414d\" data-element_type=\"widget\" data-widget_type=\"image.default\">\n\t\t\t\t<div class=\"elementor-widget-container\">\n\t\t\t\t\t\t\t\t\t\t\t\t\t\t\t<img decoding=\"async\" width=\"780\" height=\"520\" src=\"https:\/\/agriturismo-fantetti.com\/wp-content\/uploads\/2023\/12\/pexels-marvin-ozz-2474661-1024x683.jpg\" class=\"elementor-animation-hang attachment-large size-large wp-image-383\" alt=\"\" srcset=\"https:\/\/agriturismo-fantetti.com\/wp-content\/uploads\/2023\/12\/pexels-marvin-ozz-2474661-1024x683.jpg 1024w, https:\/\/agriturismo-fantetti.com\/wp-content\/uploads\/2023\/12\/pexels-marvin-ozz-2474661-300x200.jpg 300w, https:\/\/agriturismo-fantetti.com\/wp-content\/uploads\/2023\/12\/pexels-marvin-ozz-2474661-768x512.jpg 768w, https:\/\/agriturismo-fantetti.com\/wp-content\/uploads\/2023\/12\/pexels-marvin-ozz-2474661-1536x1024.jpg 1536w, https:\/\/agriturismo-fantetti.com\/wp-content\/uploads\/2023\/12\/pexels-marvin-ozz-2474661-2048x1365.jpg 2048w, https:\/\/agriturismo-fantetti.com\/wp-content\/uploads\/2023\/12\/pexels-marvin-ozz-2474661-1620x1080.jpg 1620w, https:\/\/agriturismo-fantetti.com\/wp-content\/uploads\/2023\/12\/pexels-marvin-ozz-2474661-450x300.jpg 450w\" sizes=\"(max-width: 780px) 100vw, 780px\" \/>\t\t\t\t\t\t\t\t\t\t\t\t\t\t\t<\/div>\n\t\t\t\t<\/div>\n\t\t\t\t\t<\/div>\n\t\t<\/div>\n\t\t\t\t\t<\/div>\n\t\t<\/section>\n\t\t\t\t<section class=\"elementor-section elementor-inner-section elementor-element elementor-element-4947ce8 elementor-section-boxed elementor-section-height-default elementor-section-height-default\" data-id=\"4947ce8\" data-element_type=\"section\">\n\t\t\t\t\t\t<div class=\"elementor-container elementor-column-gap-default\">\n\t\t\t\t\t<div class=\"elementor-column elementor-col-50 elementor-inner-column elementor-element elementor-element-5141949\" data-id=\"5141949\" data-element_type=\"column\">\n\t\t\t<div class=\"elementor-widget-wrap elementor-element-populated\">\n\t\t\t\t\t\t<div class=\"elementor-element elementor-element-47622f3 elementor-widget elementor-widget-image\" data-id=\"47622f3\" data-element_type=\"widget\" data-widget_type=\"image.default\">\n\t\t\t\t<div class=\"elementor-widget-container\">\n\t\t\t\t\t\t\t\t\t\t\t\t\t\t\t\t<a href=\"https:\/\/agriturismo-fantetti.com\/olive-harvest\">\n\t\t\t\t\t\t\t<img loading=\"lazy\" decoding=\"async\" width=\"780\" height=\"587\" src=\"https:\/\/agriturismo-fantetti.com\/wp-content\/uploads\/2024\/08\/PXL_20240607_134851476-1024x771.jpg\" class=\"elementor-animation-hang attachment-large size-large wp-image-1560\" alt=\"\" srcset=\"https:\/\/agriturismo-fantetti.com\/wp-content\/uploads\/2024\/08\/PXL_20240607_134851476-1024x771.jpg 1024w, https:\/\/agriturismo-fantetti.com\/wp-content\/uploads\/2024\/08\/PXL_20240607_134851476-300x226.jpg 300w, https:\/\/agriturismo-fantetti.com\/wp-content\/uploads\/2024\/08\/PXL_20240607_134851476-768x578.jpg 768w, https:\/\/agriturismo-fantetti.com\/wp-content\/uploads\/2024\/08\/PXL_20240607_134851476-1536x1157.jpg 1536w, https:\/\/agriturismo-fantetti.com\/wp-content\/uploads\/2024\/08\/PXL_20240607_134851476-2048x1542.jpg 2048w, https:\/\/agriturismo-fantetti.com\/wp-content\/uploads\/2024\/08\/PXL_20240607_134851476-16x12.jpg 16w, https:\/\/agriturismo-fantetti.com\/wp-content\/uploads\/2024\/08\/PXL_20240607_134851476-1620x1220.jpg 1620w, https:\/\/agriturismo-fantetti.com\/wp-content\/uploads\/2024\/08\/PXL_20240607_134851476-398x300.jpg 398w\" sizes=\"(max-width: 780px) 100vw, 780px\" \/>\t\t\t\t\t\t\t\t<\/a>\n\t\t\t\t\t\t\t\t\t\t\t\t\t\t\t<\/div>\n\t\t\t\t<\/div>\n\t\t\t\t\t<\/div>\n\t\t<\/div>\n\t\t\t\t<div class=\"elementor-column elementor-col-50 elementor-inner-column elementor-element elementor-element-42dee5e\" data-id=\"42dee5e\" data-element_type=\"column\" data-settings=\"{&quot;background_background&quot;:&quot;classic&quot;}\">\n\t\t\t<div class=\"elementor-widget-wrap elementor-element-populated\">\n\t\t\t\t\t\t<div class=\"elementor-element elementor-element-637ccd9 elementor-widget elementor-widget-heading\" data-id=\"637ccd9\" data-element_type=\"widget\" data-widget_type=\"heading.default\">\n\t\t\t\t<div class=\"elementor-widget-container\">\n\t\t\t\t\t<h3 class=\"elementor-heading-title elementor-size-default\">Cherry harvest<\/h3>\t\t\t\t<\/div>\n\t\t\t\t<\/div>\n\t\t\t\t<div class=\"elementor-element elementor-element-249be5c elementor-widget elementor-widget-text-editor\" data-id=\"249be5c\" data-element_type=\"widget\" data-widget_type=\"text-editor.default\">\n\t\t\t\t<div class=\"elementor-widget-container\">\n\t\t\t\t\t\t\t\t\t<p>Da inizio a met\u00e0 giugno vi invitiamo cordialmente alla raccolta delle ciliegie nella nostra tenuta. Le deliziose ciliegie BIO del nostro albero possono essere gustate crude o trasformate in una meravigliosa marmellata, una ricca torta di ciliegie.<\/p>\t\t\t\t\t\t\t\t<\/div>\n\t\t\t\t<\/div>\n\t\t\t\t<div class=\"elementor-element elementor-element-95e2e58 elementor-widget elementor-widget-button\" data-id=\"95e2e58\" data-element_type=\"widget\" data-widget_type=\"button.default\">\n\t\t\t\t<div class=\"elementor-widget-container\">\n\t\t\t\t\t\t\t\t\t<div class=\"elementor-button-wrapper\">\n\t\t\t\t\t<a class=\"elementor-button elementor-button-link elementor-size-sm elementor-animation-grow\" href=\"https:\/\/agriturismo-fantetti.com\/cherry\">\n\t\t\t\t\t\t<span class=\"elementor-button-content-wrapper\">\n\t\t\t\t\t\t\t\t\t<span class=\"elementor-button-text\">Learn More<\/span>\n\t\t\t\t\t<\/span>\n\t\t\t\t\t<\/a>\n\t\t\t\t<\/div>\n\t\t\t\t\t\t\t\t<\/div>\n\t\t\t\t<\/div>\n\t\t\t\t\t<\/div>\n\t\t<\/div>\n\t\t\t\t\t<\/div>\n\t\t<\/section>\n\t\t\t\t\t<\/div>\n\t\t<\/div>\n\t\t\t\t\t<\/div>\n\t\t<\/section>\n\t\t\t\t<\/div>\n\t\t","protected":false},"excerpt":{"rendered":"<p>Events Seasonal Events Grape harvest Experience the unique fascination of getting active and becoming part of the winemaking process. The Harvest invites you to pick ripe grapes and shape the path from vine to bottle with us. Feel the connection with nature and the vines while actively participating in the creation process. Your own wine [&hellip;]<\/p>\n","protected":false},"author":1,"featured_media":0,"parent":0,"menu_order":0,"comment_status":"closed","ping_status":"closed","template":"elementor_header_footer","meta":{"om_disable_all_campaigns":false,"inline_featured_image":false,"_monsterinsights_skip_tracking":false,"_monsterinsights_sitenote_active":false,"_monsterinsights_sitenote_note":"","_monsterinsights_sitenote_category":0,"footnotes":""},"class_list":["post-693","page","type-page","status-publish","hentry"],"_links":{"self":[{"href":"https:\/\/agriturismo-fantetti.com\/it\/wp-json\/wp\/v2\/pages\/693","targetHints":{"allow":["GET"]}}],"collection":[{"href":"https:\/\/agriturismo-fantetti.com\/it\/wp-json\/wp\/v2\/pages"}],"about":[{"href":"https:\/\/agriturismo-fantetti.com\/it\/wp-json\/wp\/v2\/types\/page"}],"author":[{"embeddable":true,"href":"https:\/\/agriturismo-fantetti.com\/it\/wp-json\/wp\/v2\/users\/1"}],"replies":[{"embeddable":true,"href":"https:\/\/agriturismo-fantetti.com\/it\/wp-json\/wp\/v2\/comments?post=693"}],"version-history":[{"count":86,"href":"https:\/\/agriturismo-fantetti.com\/it\/wp-json\/wp\/v2\/pages\/693\/revisions"}],"predecessor-version":[{"id":1785,"href":"https:\/\/agriturismo-fantetti.com\/it\/wp-json\/wp\/v2\/pages\/693\/revisions\/1785"}],"wp:attachment":[{"href":"https:\/\/agriturismo-fantetti.com\/it\/wp-json\/wp\/v2\/media?parent=693"}],"curies":[{"name":"wp","href":"https:\/\/api.w.org\/{rel}","templated":true}]}}