{"id":821,"date":"2024-04-13T14:11:37","date_gmt":"2024-04-13T13:11:37","guid":{"rendered":"https:\/\/agriturismo-fantetti.com\/?page_id=821"},"modified":"2024-11-18T11:37:31","modified_gmt":"2024-11-18T11:37:31","slug":"all-seasonal-events","status":"publish","type":"page","link":"https:\/\/agriturismo-fantetti.com\/it\/all-seasonal-events\/","title":{"rendered":"Eventi tutto l'anno"},"content":{"rendered":"\t\t<div data-elementor-type=\"wp-page\" data-elementor-id=\"821\" class=\"elementor elementor-821\" data-elementor-post-type=\"page\">\n\t\t\t\t\t\t<section class=\"elementor-section elementor-top-section elementor-element elementor-element-b41b34 elementor-section-content-top elementor-section-height-min-height elementor-section-items-stretch elementor-section-boxed elementor-section-height-default\" data-id=\"b41b34\" data-element_type=\"section\" data-settings=\"{&quot;background_background&quot;:&quot;classic&quot;}\">\n\t\t\t\t\t\t\t<div class=\"elementor-background-overlay\"><\/div>\n\t\t\t\t\t\t\t<div class=\"elementor-container elementor-column-gap-default\">\n\t\t\t\t\t<div class=\"elementor-column elementor-col-100 elementor-top-column elementor-element elementor-element-6cb01101\" data-id=\"6cb01101\" data-element_type=\"column\">\n\t\t\t<div class=\"elementor-widget-wrap elementor-element-populated\">\n\t\t\t\t\t\t<div class=\"elementor-element elementor-element-636e1dda elementor-invisible elementor-widget elementor-widget-text-editor\" data-id=\"636e1dda\" data-element_type=\"widget\" data-settings=\"{&quot;_animation&quot;:&quot;fadeInDown&quot;}\" data-widget_type=\"text-editor.default\">\n\t\t\t\t<div class=\"elementor-widget-container\">\n\t\t\t\t\t\t\t\t\t<p>Eventi<\/p>\t\t\t\t\t\t\t\t<\/div>\n\t\t\t\t<\/div>\n\t\t\t\t<div class=\"elementor-element elementor-element-30013e9b animated-slow elementor-invisible elementor-widget elementor-widget-heading\" data-id=\"30013e9b\" data-element_type=\"widget\" data-settings=\"{&quot;_animation&quot;:&quot;fadeIn&quot;,&quot;_animation_delay&quot;:600}\" data-widget_type=\"heading.default\">\n\t\t\t\t<div class=\"elementor-widget-container\">\n\t\t\t\t\t<h1 class=\"elementor-heading-title elementor-size-default\">All-Seasonal Events<\/h1>\t\t\t\t<\/div>\n\t\t\t\t<\/div>\n\t\t\t\t<div class=\"elementor-element elementor-element-49bb8baf elementor-widget elementor-widget-spacer\" data-id=\"49bb8baf\" data-element_type=\"widget\" data-widget_type=\"spacer.default\">\n\t\t\t\t<div class=\"elementor-widget-container\">\n\t\t\t\t\t\t\t<div class=\"elementor-spacer\">\n\t\t\t<div class=\"elementor-spacer-inner\"><\/div>\n\t\t<\/div>\n\t\t\t\t\t\t<\/div>\n\t\t\t\t<\/div>\n\t\t\t\t\t<\/div>\n\t\t<\/div>\n\t\t\t\t\t<\/div>\n\t\t<\/section>\n\t\t\t\t<section class=\"elementor-section elementor-top-section elementor-element elementor-element-7cf593e5 elementor-section-height-min-height elementor-section-boxed elementor-section-height-default elementor-section-items-middle\" data-id=\"7cf593e5\" data-element_type=\"section\" data-settings=\"{&quot;background_background&quot;:&quot;classic&quot;}\">\n\t\t\t\t\t\t\t<div class=\"elementor-background-overlay\"><\/div>\n\t\t\t\t\t\t\t<div class=\"elementor-container elementor-column-gap-default\">\n\t\t\t\t\t<div class=\"elementor-column elementor-col-100 elementor-top-column elementor-element elementor-element-34ffdb39\" data-id=\"34ffdb39\" data-element_type=\"column\">\n\t\t\t<div class=\"elementor-widget-wrap elementor-element-populated\">\n\t\t\t\t\t\t<section class=\"elementor-section elementor-inner-section elementor-element elementor-element-104410a elementor-section-boxed elementor-section-height-default elementor-section-height-default\" data-id=\"104410a\" data-element_type=\"section\">\n\t\t\t\t\t\t<div class=\"elementor-container elementor-column-gap-default\">\n\t\t\t\t\t<div class=\"elementor-column elementor-col-50 elementor-inner-column elementor-element elementor-element-7d877b4e\" data-id=\"7d877b4e\" data-element_type=\"column\">\n\t\t\t<div class=\"elementor-widget-wrap elementor-element-populated\">\n\t\t\t\t\t\t<div class=\"elementor-element elementor-element-8f612f9 elementor-widget elementor-widget-image\" data-id=\"8f612f9\" data-element_type=\"widget\" data-widget_type=\"image.default\">\n\t\t\t\t<div class=\"elementor-widget-container\">\n\t\t\t\t\t\t\t\t\t\t\t\t\t\t\t\t<a href=\"https:\/\/agriturismo-fantetti.com\/reiten\/\">\n\t\t\t\t\t\t\t<img fetchpriority=\"high\" decoding=\"async\" width=\"768\" height=\"1024\" src=\"https:\/\/agriturismo-fantetti.com\/wp-content\/uploads\/2024\/04\/PHOTO-2024-04-13-08-44-25-2-768x1024.jpg\" class=\"elementor-animation-hang attachment-large size-large wp-image-860\" alt=\"\" srcset=\"https:\/\/agriturismo-fantetti.com\/wp-content\/uploads\/2024\/04\/PHOTO-2024-04-13-08-44-25-2-768x1024.jpg 768w, https:\/\/agriturismo-fantetti.com\/wp-content\/uploads\/2024\/04\/PHOTO-2024-04-13-08-44-25-2-225x300.jpg 225w, https:\/\/agriturismo-fantetti.com\/wp-content\/uploads\/2024\/04\/PHOTO-2024-04-13-08-44-25-2-1152x1536.jpg 1152w, https:\/\/agriturismo-fantetti.com\/wp-content\/uploads\/2024\/04\/PHOTO-2024-04-13-08-44-25-2.jpg 1200w\" sizes=\"(max-width: 768px) 100vw, 768px\" \/>\t\t\t\t\t\t\t\t<\/a>\n\t\t\t\t\t\t\t\t\t\t\t\t\t\t\t<\/div>\n\t\t\t\t<\/div>\n\t\t\t\t\t<\/div>\n\t\t<\/div>\n\t\t\t\t<div class=\"elementor-column elementor-col-50 elementor-inner-column elementor-element elementor-element-5c3fb2b\" data-id=\"5c3fb2b\" data-element_type=\"column\" data-settings=\"{&quot;background_background&quot;:&quot;classic&quot;}\">\n\t\t\t<div class=\"elementor-widget-wrap elementor-element-populated\">\n\t\t\t\t\t\t<div class=\"elementor-element elementor-element-36f2e9c9 elementor-widget elementor-widget-heading\" data-id=\"36f2e9c9\" data-element_type=\"widget\" data-widget_type=\"heading.default\">\n\t\t\t\t<div class=\"elementor-widget-container\">\n\t\t\t\t\t<h3 class=\"elementor-heading-title elementor-size-default\"><a href=\"https:\/\/agriturismo-fantetti.com\/reiten\/\">Horseback Riding<\/a><\/h3>\t\t\t\t<\/div>\n\t\t\t\t<\/div>\n\t\t\t\t<div class=\"elementor-element elementor-element-4de811dd elementor-widget elementor-widget-text-editor\" data-id=\"4de811dd\" data-element_type=\"widget\" data-widget_type=\"text-editor.default\">\n\t\t\t\t<div class=\"elementor-widget-container\">\n\t\t\t\t\t\t\t\t\t<p>La nostra offerta per gli appassionati di equitazione vi condurr\u00e0 attraverso il pittoresco paesaggio montano e offre escursioni in spiaggia anche al di fuori dell&#8217;alta stagione (luglio-ottobre). Godetevi l&#8217;esperienza unica di esplorare la natura in sella ai nostri cavalli tutto l&#8217;anno. Le rilassanti passeggiate a cavallo tra le montagne e la spiaggia sono l&#8217;occasione perfetta per fuggire dalla vita di tutti i giorni e portare a casa un po&#8217; di libert\u00e0.<\/p>\t\t\t\t\t\t\t\t<\/div>\n\t\t\t\t<\/div>\n\t\t\t\t<div class=\"elementor-element elementor-element-69e6220d elementor-widget elementor-widget-button\" data-id=\"69e6220d\" data-element_type=\"widget\" data-widget_type=\"button.default\">\n\t\t\t\t<div class=\"elementor-widget-container\">\n\t\t\t\t\t\t\t\t\t<div class=\"elementor-button-wrapper\">\n\t\t\t\t\t<a class=\"elementor-button elementor-button-link elementor-size-sm elementor-animation-grow\" href=\"https:\/\/agriturismo-fantetti.com\/riding\/\">\n\t\t\t\t\t\t<span class=\"elementor-button-content-wrapper\">\n\t\t\t\t\t\t\t\t\t<span class=\"elementor-button-text\">Learn more<\/span>\n\t\t\t\t\t<\/span>\n\t\t\t\t\t<\/a>\n\t\t\t\t<\/div>\n\t\t\t\t\t\t\t\t<\/div>\n\t\t\t\t<\/div>\n\t\t\t\t\t<\/div>\n\t\t<\/div>\n\t\t\t\t\t<\/div>\n\t\t<\/section>\n\t\t\t\t\t<\/div>\n\t\t<\/div>\n\t\t\t\t\t<\/div>\n\t\t<\/section>\n\t\t\t\t<\/div>\n\t\t","protected":false},"excerpt":{"rendered":"<p>Events All-Seasonal Events Horseback Riding Unser Angebot f\u00fcr Reitbegeisterte f\u00fchrt Sie durch die malerische Berglandschaft und bietet auch au\u00dferhalb der Hauptsaison (Juli-Oktober) Strandausritte. Genie\u00dfen Sie das einzigartige Erlebnis, die Natur auf dem R\u00fccken unserer Pferde das ganze Jahr \u00fcber zu erkunden. Die entspannenden Ausritte durch die Berge und am Strand bieten Ihnen die perfekte Gelegenheit, [&hellip;]<\/p>\n","protected":false},"author":1,"featured_media":0,"parent":0,"menu_order":0,"comment_status":"closed","ping_status":"closed","template":"elementor_header_footer","meta":{"om_disable_all_campaigns":false,"inline_featured_image":false,"_monsterinsights_skip_tracking":false,"_monsterinsights_sitenote_active":false,"_monsterinsights_sitenote_note":"","_monsterinsights_sitenote_category":0,"footnotes":""},"class_list":["post-821","page","type-page","status-publish","hentry"],"_links":{"self":[{"href":"https:\/\/agriturismo-fantetti.com\/it\/wp-json\/wp\/v2\/pages\/821","targetHints":{"allow":["GET"]}}],"collection":[{"href":"https:\/\/agriturismo-fantetti.com\/it\/wp-json\/wp\/v2\/pages"}],"about":[{"href":"https:\/\/agriturismo-fantetti.com\/it\/wp-json\/wp\/v2\/types\/page"}],"author":[{"embeddable":true,"href":"https:\/\/agriturismo-fantetti.com\/it\/wp-json\/wp\/v2\/users\/1"}],"replies":[{"embeddable":true,"href":"https:\/\/agriturismo-fantetti.com\/it\/wp-json\/wp\/v2\/comments?post=821"}],"version-history":[{"count":51,"href":"https:\/\/agriturismo-fantetti.com\/it\/wp-json\/wp\/v2\/pages\/821\/revisions"}],"predecessor-version":[{"id":1788,"href":"https:\/\/agriturismo-fantetti.com\/it\/wp-json\/wp\/v2\/pages\/821\/revisions\/1788"}],"wp:attachment":[{"href":"https:\/\/agriturismo-fantetti.com\/it\/wp-json\/wp\/v2\/media?parent=821"}],"curies":[{"name":"wp","href":"https:\/\/api.w.org\/{rel}","templated":true}]}}